{"id":9000,"date":"2020-01-26T16:38:42","date_gmt":"2020-01-26T16:38:42","guid":{"rendered":"https:\/\/www.ictdokterzwolle.nl\/shop\/?post_type=product&#038;p=9000"},"modified":"2022-02-14T14:11:16","modified_gmt":"2022-02-14T14:11:16","slug":"foscam-r2m-2mp-pan-tilt-camera","status":"publish","type":"product","link":"https:\/\/www.ictdokterzwolle.nl\/shop\/product\/foscam-r2m-2mp-pan-tilt-camera\/","title":{"rendered":"Foscam R2M 2MP pan-tilt camera"},"content":{"rendered":"<table class=\"data-table\">\n<tbody>\n<tr>\n<th class=\"label\">Specificatie leverancier<\/th>\n<td class=\"data\"><a href=\"https:\/\/foscam.com\/R2M.html\" target=\"_blank\" rel=\"noopener noreferrer\">Foscam R2M Wit<\/a><\/td>\n<\/tr>\n<tr>\n<th class=\"label\">EAN<\/th>\n<td class=\"data\">6954836001486<\/td>\n<\/tr>\n<tr>\n<th class=\"label\">In de doos<\/th>\n<td class=\"data\">IP Camera \u00d7 1-DC Power Supply \u00d7 1-Gebruikershandleiding \u00d7 1 (Inclusief draadloze IP camera Driver, IP-camera tool) &#8211; 1x Montagebeugel<\/td>\n<\/tr>\n<tr>\n<th class=\"label\">Afmetingen<\/th>\n<td class=\"data\">70(L)x 70(B)x 120(H)<\/td>\n<\/tr>\n<tr>\n<th class=\"label\">Garantie<\/th>\n<td class=\"data\">2 jaar<\/td>\n<\/tr>\n<tr>\n<th class=\"label\">Indoor \/ Outdoor<\/th>\n<td class=\"data\">Indoor<\/td>\n<\/tr>\n<tr>\n<th class=\"label\">Draadloos (WiFi)<\/th>\n<td class=\"data\">Ja, 2.4Ghz<\/td>\n<\/tr>\n<tr>\n<th class=\"label\">Resolutie<\/th>\n<td class=\"data\">2.0 MP<\/td>\n<\/tr>\n<tr>\n<th class=\"label\">Nachtzicht (IR)<\/th>\n<td class=\"data\">Ja<\/td>\n<\/tr>\n<tr>\n<th class=\"label\">POE support<\/th>\n<td class=\"data\">Nee<\/td>\n<\/tr>\n<tr>\n<th class=\"label\">ONVIF<\/th>\n<td class=\"data\">Nee<\/td>\n<\/tr>\n<tr>\n<th class=\"label\">Bewegen &amp; kantelen (PT)<\/th>\n<td class=\"data\">Ja<\/td>\n<\/tr>\n<tr>\n<th class=\"label\">#X -optical zoom<\/th>\n<td class=\"data\">&#8211;<\/td>\n<\/tr>\n<tr>\n<th class=\"label\">Compressie<\/th>\n<td class=\"data\">H264<\/td>\n<\/tr>\n<tr>\n<th class=\"label\">Audio<\/th>\n<td class=\"data\">2 weg audio (mic+speaker)<\/td>\n<\/tr>\n<tr>\n<th class=\"label\">Lens<\/th>\n<td class=\"data\">4.0 mm<\/td>\n<\/tr>\n<tr>\n<th class=\"label\">Horiz.-beeldhoek<\/th>\n<td class=\"data\">90\u00b0<\/td>\n<\/tr>\n<tr>\n<th class=\"label\">WDR<\/th>\n<td class=\"data\">Ja<\/td>\n<\/tr>\n<tr>\n<th class=\"label\">NAS Ondersteuning<\/th>\n<td class=\"data\">Foscam &amp; Synology<\/td>\n<\/tr>\n<tr>\n<th class=\"label\">P2P (Plug and Play)<\/th>\n<td class=\"data\">Ja<\/td>\n<\/tr>\n<tr>\n<th class=\"label\">Kenteken herkenning<\/th>\n<td class=\"data\">Nee<\/td>\n<\/tr>\n<tr>\n<th class=\"label\">Email bij beweging<\/th>\n<td class=\"data\">Ja<\/td>\n<\/tr>\n<tr>\n<th class=\"label\">SD-kaart functie<\/th>\n<td class=\"data\">Ja, max 128GB<\/td>\n<\/tr>\n<tr>\n<th class=\"label\">Smartphone &amp; tablet support<\/th>\n<td class=\"data\">Ja<\/td>\n<\/tr>\n<tr>\n<th class=\"label\">Mobiele APP<\/th>\n<td class=\"data\">Foscam app<\/td>\n<\/tr>\n<\/tbody>\n<\/table>\n","protected":false},"excerpt":{"rendered":"<ul>\n<li>2 Megapixel ( H.264 )<\/li>\n<li>2.4Ghz WiFi.<\/li>\n<li>Eenvoudige Installatie via app of PC<\/li>\n<li>Pan\/Tilt ( draaien en kantelen )<\/li>\n<li>Nachtzicht tot 8 meter<\/li>\n<li>Op afstand bekijiken en opnemen<\/li>\n<li>4.0 mm lens, 90\u00b0 Kijkhoek<\/li>\n<li>SD-kaart opslag ( max 128GB )<\/li>\n<li>Persoonsdetectie<\/li>\n<li>Ondersteund Alexa<\/li>\n<li>Montage mogelijk aan muur, plafond via meegeleverde beugel<\/li>\n<\/ul>\n<p>De Foscam R2M (H264+ 2 Megapixel) met kantel\/draai functie is een ge\u00efntegreerde draadloze IP-camera-oplossing voor indoor gebruik.<\/p>\n<p>Deze camera combineert een hoge kwaliteit digitale video middels CMOS (incl.nachtzicht van 8 meter), middels 13 infrarood LEDs) met netwerk-connectiviteit en een krachtige web server om duidelijke video beelden op de desktop over te brengen overal op uw lokale netwerk of via het internet.<\/p>\n<p>De video beelden worden verzonden met 25 fps snelheid op de LAN \/ WAN met behulp van hardware H264-compressietechnologie. De resolutie is 1920x1080px bij 2M pixels. De Foscam R2M camera is gebaseerd op het TCP \/ IP standaard. Middels een internet browser kunt U de Foscam instellen en later ook de beelden mee bekijken en eventueel opnemen.<\/p>\n<p>U kunt gebruik maken van de Foscam R2M voor observatie van uw huis, bedrijf, kantoor etc. Alarmerings melding met foto\u2019s naar een email adres of FTP server bij bewegings detectie kan eenvoudig worden ingesteld. WPS om de Wi-Fi eenvoudig in te stellen en een bewegingssensor om valse meldingen te voorkomen Plug &amp; Play functionaliteit met EZLink.<\/p>\n<p>Naast het product is er ook een mogelijkheid om de\u00a0<a href=\"https:\/\/www.ictdokterzwolle.nl\/shop\/product\/connect-en-go\/\">Connect &amp; Go Service<\/a>\u00a0en\u00a0<a href=\"https:\/\/www.ictdokterzwolle.nl\/shop\/product\/geen-zorgen-service\/\">\u201cGeen Zorgen\u201d Service<\/a>\u00a0aan je bestelling toe te voegen. Klik op de linkjes voor meer uitleg.<\/p>\n","protected":false},"featured_media":9001,"comment_status":"open","ping_status":"closed","template":"","meta":[],"product_brand":[],"product_cat":[93],"product_tag":[1665],"class_list":{"0":"post-9000","1":"product","2":"type-product","3":"status-publish","4":"has-post-thumbnail","6":"product_cat-ip_camera","7":"product_tag-1665","8":"product_shipping_class-mp","9":"pa_gtin-1664","10":"pa_merk-foscam","12":"first","13":"instock","14":"taxable","15":"shipping-taxable","16":"product-type-simple"},"supplier_id":null,"supplier_sku":"","barcode":null,"atum_controlled":true,"out_stock_date":null,"out_stock_threshold":null,"inheritable":false,"inbound_stock":null,"stock_on_hold":0,"sold_today":0,"sales_last_days":0,"reserved_stock":null,"customer_returns":null,"warehouse_damage":null,"lost_in_post":null,"other_logs":null,"out_stock_days":0,"lost_sales":0,"has_location":false,"update_date":"2025-11-18T12:32:14","atum_locations":[],"atum_stock_status":"instock","restock_status":false,"low_stock_amount":"","sales_update_date":"2025-11-18T12:32:14","calc_backorders":null,"jetpack_sharing_enabled":true,"_links":{"self":[{"href":"https:\/\/www.ictdokterzwolle.nl\/shop\/wp-json\/wp\/v2\/product\/9000","targetHints":{"allow":["GET"]}}],"collection":[{"href":"https:\/\/www.ictdokterzwolle.nl\/shop\/wp-json\/wp\/v2\/product"}],"about":[{"href":"https:\/\/www.ictdokterzwolle.nl\/shop\/wp-json\/wp\/v2\/types\/product"}],"replies":[{"embeddable":true,"href":"https:\/\/www.ictdokterzwolle.nl\/shop\/wp-json\/wp\/v2\/comments?post=9000"}],"wp:featuredmedia":[{"embeddable":true,"href":"https:\/\/www.ictdokterzwolle.nl\/shop\/wp-json\/wp\/v2\/media\/9001"}],"wp:attachment":[{"href":"https:\/\/www.ictdokterzwolle.nl\/shop\/wp-json\/wp\/v2\/media?parent=9000"}],"wp:term":[{"taxonomy":"product_brand","embeddable":true,"href":"https:\/\/www.ictdokterzwolle.nl\/shop\/wp-json\/wp\/v2\/product_brand?post=9000"},{"taxonomy":"product_cat","embeddable":true,"href":"https:\/\/www.ictdokterzwolle.nl\/shop\/wp-json\/wp\/v2\/product_cat?post=9000"},{"taxonomy":"product_tag","embeddable":true,"href":"https:\/\/www.ictdokterzwolle.nl\/shop\/wp-json\/wp\/v2\/product_tag?post=9000"}],"curies":[{"name":"wp","href":"https:\/\/api.w.org\/{rel}","templated":true}]}}