{"id":21119,"date":"2025-11-05T08:49:24","date_gmt":"2025-11-05T08:49:24","guid":{"rendered":"https:\/\/www.ictdokterzwolle.nl\/shop\/?post_type=product&#038;p=21119"},"modified":"2025-11-05T08:52:10","modified_gmt":"2025-11-05T08:52:10","slug":"terra-all-in-one-pc-2710-ha-i5-12400u-8gb-1tb-ssd-win11-home","status":"publish","type":"product","link":"https:\/\/www.ictdokterzwolle.nl\/shop\/product\/terra-all-in-one-pc-2710-ha-i5-12400u-8gb-1tb-ssd-win11-home\/","title":{"rendered":"TERRA ALL-IN-ONE-PC 2710 HA i5-12400U\/8GB\/1TB SSD\/Win11 Home"},"content":{"rendered":"<table id=\"ctl00_ctl00_ctl00_SiteContent_SiteContent_SiteContent_articleFeatureDisplayDetails_gridViewProductAttributes\" class=\"table table-condensed\" border=\"0\" cellspacing=\"0\">\n<tbody>\n<tr>\n<td><strong>Algemeen<\/strong><\/td>\n<\/tr>\n<tr>\n<td class=\"col-xs-3\">Processormodel<\/td>\n<td>Intel Core i5 (12. Gen.) 12400 \/ 2.5 GHz tot 4.4 GHz met Intel Turbo Boost Technology, 18 MB Intel Smart Cache<\/td>\n<\/tr>\n<tr>\n<td class=\"col-xs-3\">Besturingssysteem<\/td>\n<td>Windows 11 Home<\/td>\n<\/tr>\n<tr>\n<td class=\"col-xs-3\"><\/td>\n<td><strong>Software<\/strong><\/td>\n<\/tr>\n<tr>\n<td class=\"col-xs-3\">Voorge\u00efnstalleerde software<\/td>\n<td>30 Dagen testversie voor Microsoft\u00ae 365 nieuwe klanten.<\/td>\n<\/tr>\n<tr>\n<td class=\"col-xs-3\"><\/td>\n<td><strong>Beeldscherm<\/strong><\/td>\n<\/tr>\n<tr>\n<td class=\"col-xs-3\">Resolutie<\/td>\n<td>1920 x 1080 (Full HD)<\/td>\n<\/tr>\n<tr>\n<td class=\"col-xs-3\">Type beeldscherm<\/td>\n<td>LCD &#8211; without Touch-Function<\/td>\n<\/tr>\n<tr>\n<td class=\"col-xs-3\">Helderheid<\/td>\n<td>250 cd\/m2<\/td>\n<\/tr>\n<tr>\n<td class=\"col-xs-3\">Responstijd<\/td>\n<td>14 ms<\/td>\n<\/tr>\n<tr>\n<td class=\"col-xs-3\">LED backlight-type<\/td>\n<td>LBL (Hardware Low Bluelight)<\/td>\n<\/tr>\n<tr>\n<td class=\"col-xs-3\">Beeldschermdiagonaal<\/td>\n<td>27&#8243; &#8220;<\/td>\n<\/tr>\n<tr>\n<td class=\"col-xs-3\"><\/td>\n<td><strong>Processor<\/strong><\/td>\n<\/tr>\n<tr>\n<td class=\"col-xs-3\">Processorfamilie<\/td>\n<td>Core i5<\/td>\n<\/tr>\n<tr>\n<td class=\"col-xs-3\">Aantal processorkernen<\/td>\n<td>Hexa-Core<\/td>\n<\/tr>\n<tr>\n<td class=\"col-xs-3\">Processor socket<\/td>\n<td>FCLGA1700 (max. 65 Watt TDP)<\/td>\n<\/tr>\n<tr>\n<td class=\"col-xs-3\">Chipset moederbord<\/td>\n<td>Intel H610 Express<\/td>\n<\/tr>\n<tr>\n<td class=\"col-xs-3\"><\/td>\n<td><strong>Geheugen<\/strong><\/td>\n<\/tr>\n<tr>\n<td class=\"col-xs-3\">Intern geheugen<\/td>\n<td>8 GB<\/td>\n<\/tr>\n<tr>\n<td class=\"col-xs-3\">Geheugenlayout<\/td>\n<td>1 x 8 GB<\/td>\n<\/tr>\n<tr>\n<td class=\"col-xs-3\">Maximum intern geheugen<\/td>\n<td>64 GB<\/td>\n<\/tr>\n<tr>\n<td class=\"col-xs-3\">Kloksnelheid geheugen<\/td>\n<td>5600 MHz<\/td>\n<\/tr>\n<tr>\n<td class=\"col-xs-3\">Intern geheugentype<\/td>\n<td>DDR5<\/td>\n<\/tr>\n<tr>\n<td class=\"col-xs-3\">Geheugenslots<\/td>\n<td>2<\/td>\n<\/tr>\n<tr>\n<td class=\"col-xs-3\">Geheugen form factor<\/td>\n<td>SO-DIMM, 260-polig<\/td>\n<\/tr>\n<tr>\n<td class=\"col-xs-3\"><\/td>\n<td><strong>Opslagmedia<\/strong><\/td>\n<\/tr>\n<tr>\n<td class=\"col-xs-3\">Totale opslagcapaciteit<\/td>\n<td>1 TB<\/td>\n<\/tr>\n<tr>\n<td class=\"col-xs-3\">HDD interface<\/td>\n<td>2x S-ATA 6GB\/s<br \/>\n1x M.2 type 2260\/2280 (SATA &amp; PCIe 4.0 x4 NVMe)<\/td>\n<\/tr>\n<tr>\n<td class=\"col-xs-3\">Soorten RAID<\/td>\n<td>Ondersteunt geen raid<\/td>\n<\/tr>\n<tr>\n<td class=\"col-xs-3\">SSD interfaces<\/td>\n<td>PCIe 4.0 (NVMe)<\/td>\n<\/tr>\n<tr>\n<td class=\"col-xs-3\">SSD capaciteit<\/td>\n<td>1 TB<\/td>\n<\/tr>\n<tr>\n<td class=\"col-xs-3\">HDD capaciteit<\/td>\n<td>1 x 1 TB &#8211; solid state<\/td>\n<\/tr>\n<tr>\n<td class=\"col-xs-3\">Opslagmedia<\/td>\n<td>SSD M.2<\/td>\n<\/tr>\n<tr>\n<td class=\"col-xs-3\"><\/td>\n<td><strong>Optische drive<\/strong><\/td>\n<\/tr>\n<tr>\n<td class=\"col-xs-3\">Soort optische drive<\/td>\n<td>Geen optical drive<\/td>\n<\/tr>\n<tr>\n<td class=\"col-xs-3\"><\/td>\n<td><strong>Prestatie<\/strong><\/td>\n<\/tr>\n<tr>\n<td class=\"col-xs-3\">Markt positionering<\/td>\n<td>Home<\/td>\n<\/tr>\n<tr>\n<td class=\"col-xs-3\">Type product<\/td>\n<td>Personal-Computer<\/td>\n<\/tr>\n<tr>\n<td class=\"col-xs-3\">Geluidsniveau<\/td>\n<td>0,6 Sone<\/td>\n<\/tr>\n<tr>\n<td class=\"col-xs-3\"><\/td>\n<td><strong>Toetsenbord<\/strong><\/td>\n<\/tr>\n<tr>\n<td class=\"col-xs-3\">Aansluiting<\/td>\n<td>USB<\/td>\n<\/tr>\n<tr>\n<td class=\"col-xs-3\"><\/td>\n<td><strong>Technische details<\/strong><\/td>\n<\/tr>\n<tr>\n<td class=\"col-xs-3\">Land<\/td>\n<td>International<\/td>\n<\/tr>\n<tr>\n<td class=\"col-xs-3\"><\/td>\n<td><strong>Inhoud van de verpakking<\/strong><\/td>\n<\/tr>\n<tr>\n<td class=\"col-xs-3\">Meegeleverde accessoires<\/td>\n<td>Quick Start Guide (DE\/ EN\/ FR), voeding EU<\/td>\n<\/tr>\n<tr>\n<td class=\"col-xs-3\">Inclusief toetsenbord<\/td>\n<td>Optioneel<\/td>\n<\/tr>\n<tr>\n<td class=\"col-xs-3\"><\/td>\n<td><strong>Gewicht en omvang<\/strong><\/td>\n<\/tr>\n<tr>\n<td class=\"col-xs-3\">Hoogte<\/td>\n<td>min. 42.7 max. 55.5 cm<\/td>\n<\/tr>\n<tr>\n<td class=\"col-xs-3\">Breedte<\/td>\n<td>61.3 cm<\/td>\n<\/tr>\n<tr>\n<td class=\"col-xs-3\">Diepte<\/td>\n<td>5.9 cm<\/td>\n<\/tr>\n<tr>\n<td class=\"col-xs-3\">Gewicht<\/td>\n<td>8.2 kg<\/td>\n<\/tr>\n<tr>\n<td class=\"col-xs-3\"><\/td>\n<td><strong>Overige specificaties<\/strong><\/td>\n<\/tr>\n<tr>\n<td class=\"col-xs-3\">Uitbreidingsslots<\/td>\n<td>1x 2.5&#8243; (HDD + SSD)<br \/>\n1x M.2 Type 2230, PCI Express + USB (used by M.2 WiFi\/ BT modul)<br \/>\n1x M.2 Type 2280 (SSD)<\/td>\n<\/tr>\n<tr>\n<td class=\"col-xs-3\">Interface<\/td>\n<td>Right: 1x USB 3.2 Gen1, 1x USB 3.2 Gen1 Type-C<br \/>\nBottom: Line in\/out, 2x USB 3.2 Gen1 Type-A, 2x USB 2.0, HDMI 2.1, Display Port 1.4, RJ-45, DC-in<\/td>\n<\/tr>\n<tr>\n<td class=\"col-xs-3\">Compatibele besturingssystemen<\/td>\n<td>Windows 10, Windows 11<\/td>\n<\/tr>\n<tr>\n<td class=\"col-xs-3\">Maximum koelcapaciteit<\/td>\n<td>Actief<\/td>\n<\/tr>\n<tr>\n<td class=\"col-xs-3\">Voldoet aan industriestandaarden<\/td>\n<td>Dieses Ger\u00e4t wird als informationstechnische Einrichtung (ITE) der Klasse B eingestuft und ist haupts\u00e4chlich f\u00fcr den Betrieb im Wohn- und B\u00fcrobereich vorgesehen. Durch das CE-Zeichen wird die Konformit\u00e4t mit den folgenden EU-Richtlinien best\u00e4tigt: (1) EMV-Richtlinie 2004\/108\/EG Elektromagnetische Vertr\u00e4glichkeit (2) Niederspannungsrichtlinie 2006\/95\/EG Elektrische Betriebsmittel zur Verwendung innerhalb bestimmter Spannungsgrenzen.<\/td>\n<\/tr>\n<tr>\n<td class=\"col-xs-3\">Speciale eigenschappen<\/td>\n<td>WebCam 5MP<br \/>\n2x 3W Stereo Speaker<br \/>\nBluetooth<br \/>\nKensington-Lock<br \/>\nHigh-adjustable 105 mm<br \/>\nPivot Function<br \/>\nSwiveling -5\u00b0\/ +20\u00b0<\/p>\n<p>VESA 100&#215;100 mm 2x 3W Stereo luidspreker<br \/>\nBluetooth<br \/>\nKensington-Lock<br \/>\nin hoogte verstelbaar 125 mm<br \/>\nPivot functie<br \/>\ndraaibaar -5\u00b0\/ +20\u00b0<br \/>\nVESA 100&#215;100 mm<br \/>\nStandaard demonteerbaar<br \/>\nTPM 2.0<\/td>\n<\/tr>\n<tr>\n<td class=\"col-xs-3\"><\/td>\n<td><strong>Design<\/strong><\/td>\n<\/tr>\n<tr>\n<td class=\"col-xs-3\">Certificering<\/td>\n<td>Assemblage volgens ISO9001 in DE<br \/>\nCompatible: SMBios (DMI), EnergyStar 8.0), EN62368-1, EN55032, EN55035, EN61000-3-2\/3, EN62623, 89\/336\/ECC<\/td>\n<\/tr>\n<tr>\n<td class=\"col-xs-3\">Vormfactor<\/td>\n<td>All In One Non-Touch<\/td>\n<\/tr>\n<tr>\n<td class=\"col-xs-3\"><\/td>\n<td><strong>Muis<\/strong><\/td>\n<\/tr>\n<tr>\n<td class=\"col-xs-3\">Inclusief muis<\/td>\n<td>optioneel<\/td>\n<\/tr>\n<tr>\n<td class=\"col-xs-3\"><\/td>\n<td><strong>Grafisch<\/strong><\/td>\n<\/tr>\n<tr>\n<td class=\"col-xs-3\">Maximum resolutie<\/td>\n<td>HDMI 2.0 max. 4096&#215;2160 @ 60 Hz (4K), DP 1.4 4096&#215;2304 @ 60 Hz (4K)<br \/>\nUnterst\u00fctzt Triple-Monitoring<\/td>\n<\/tr>\n<tr>\n<td class=\"col-xs-3\">Geheugen ingebouwde grafische adapter<\/td>\n<td>Dynamisch<\/td>\n<\/tr>\n<tr>\n<td class=\"col-xs-3\">Grafische adapter<\/td>\n<td>Intel UHD Graphics<\/td>\n<\/tr>\n<tr>\n<td class=\"col-xs-3\">On-board graphics adapter model<\/td>\n<td>Intel UHD Graphics<\/td>\n<\/tr>\n<tr>\n<td class=\"col-xs-3\"><\/td>\n<td><strong>Energie<\/strong><\/td>\n<\/tr>\n<tr>\n<td class=\"col-xs-3\">Stroombron<\/td>\n<td>External fanless power supply<\/td>\n<\/tr>\n<tr>\n<td class=\"col-xs-3\">Stroomverbruik (in standby)<\/td>\n<td>\u00d8 1.1 Watt Sleep-Mode S3. Suspend to RAM. WoL activated<br \/>\n\u00d8 0.4 Watt Off Mode. S5. Soft Off. ErP. DeepSleep activated W<\/td>\n<\/tr>\n<tr>\n<td class=\"col-xs-3\">Maximaal ingangsvermogen<\/td>\n<td>120 Watt<\/td>\n<\/tr>\n<tr>\n<td class=\"col-xs-3\">Voeding<\/td>\n<td>\u00d8 29 Watt Short Idle-Mode<br \/>\n\u00d8 97 kWh (Energy Star 8.0) per Year (TEC = Typical Energy Consumption)<\/td>\n<\/tr>\n<tr>\n<td class=\"col-xs-3\">AC-adapter ingangsspanning<\/td>\n<td>Wisselstroom 100\/240 V ( 50\/60 Hz )<\/td>\n<\/tr>\n<tr>\n<td class=\"col-xs-3\"><\/td>\n<td><strong>Eisen aan de omgeving<\/strong><\/td>\n<\/tr>\n<tr>\n<td class=\"col-xs-3\">Bedrijfstemperatuur (T-T)<\/td>\n<td>5\u00b0 C &#8211; 35\u00b0 C<\/td>\n<\/tr>\n<tr>\n<td class=\"col-xs-3\">Aanbevolen relatieve luchtvochtigheid bij gebruik<\/td>\n<td>10-75% (niet condenserend )<\/td>\n<\/tr>\n<tr>\n<td class=\"col-xs-3\"><\/td>\n<td><strong>Netwerk<\/strong><\/td>\n<\/tr>\n<tr>\n<td class=\"col-xs-3\">Ethernet LAN<\/td>\n<td>RJ-45<\/td>\n<\/tr>\n<tr>\n<td class=\"col-xs-3\">LAN controller<\/td>\n<td>Realtek Gigabit LAN, WOL\/ PXE<\/td>\n<\/tr>\n<tr>\n<td class=\"col-xs-3\">Wi-Fi-standaarden<\/td>\n<td>Intel Dual Band Wireless-AX 201<br \/>\nFrequenzband: 2.4 GHz + 5 GHz<br \/>\nDual Stream<br \/>\nWiFi 6 (802.11ax)<\/td>\n<\/tr>\n<tr>\n<td class=\"col-xs-3\">Datalink-protocollen<\/td>\n<td>Ethernet, Fast Ethernet, Gigabit Ethernet, IEEE 802.11ax<br \/>\nBluetooth 5.2<\/td>\n<\/tr>\n<tr>\n<td class=\"col-xs-3\"><\/td>\n<td><strong>Invoerapparaat<\/strong><\/td>\n<\/tr>\n<tr>\n<td class=\"col-xs-3\">Aansluiting<\/td>\n<td>USB<\/td>\n<\/tr>\n<tr>\n<td class=\"col-xs-3\"><\/td>\n<td><strong>Audio<\/strong><\/td>\n<\/tr>\n<tr>\n<td class=\"col-xs-3\">Audio-uitgangskanalen<\/td>\n<td>8 kanalen<\/td>\n<\/tr>\n<tr>\n<td class=\"col-xs-3\">Audiosysteem<\/td>\n<td>Audio integrated<\/td>\n<\/tr>\n<\/tbody>\n<\/table>\n","protected":false},"excerpt":{"rendered":"<p>De in hoogte verstelbare AIO 2710HA PC met Intel Core i5 CPU is snel en stil. Deze ruimtebespaarder past perfect in iedere kantooromgeving en is met de optioneel te kopen VESA-mount gemakkelijk aan muren te bevestigen. Nu met intrekbare 5MP webcam.<\/p>\n<div class=\"woocommerce-product-details__short-description\">\n<p>Naast het product is er ook een mogelijkheid om de\u00a0<a href=\"https:\/\/www.ictdokterzwolle.nl\/shop\/product\/connect-en-go\/\">Connect &amp; Go Service<\/a>\u00a0en\u00a0<a href=\"https:\/\/www.ictdokterzwolle.nl\/shop\/product\/geen-zorgen-service\/\">\u201cGeen Zorgen\u201d Service<\/a>\u00a0aan je bestelling toe te voegen. Klik op de linkjes voor meer uitleg.<\/p>\n<\/div>\n<form class=\"cart\" action=\"https:\/\/www.ictdokterzwolle.nl\/shop\/product\/terra-mobile-1516-i3-home-4gb-240gb-ssd\/\" enctype=\"multipart\/form-data\" method=\"post\">\n<div class=\"quantity\"><\/div>\n<\/form>\n","protected":false},"featured_media":21125,"comment_status":"open","ping_status":"closed","template":"","meta":[],"product_brand":[],"product_cat":[727],"product_tag":[4321],"class_list":{"0":"post-21119","1":"product","2":"type-product","3":"status-publish","4":"has-post-thumbnail","6":"product_cat-all-in-one-pc","7":"product_tag-4321","8":"product_shipping_class-mp","9":"pa_gtin-4320","10":"pa_merk-terra","12":"first","13":"instock","14":"taxable","15":"shipping-taxable","16":"purchasable","17":"product-type-simple"},"supplier_id":null,"supplier_sku":"","barcode":null,"atum_controlled":true,"out_stock_date":null,"out_stock_threshold":null,"inheritable":false,"inbound_stock":null,"stock_on_hold":null,"sold_today":null,"sales_last_days":null,"reserved_stock":null,"customer_returns":null,"warehouse_damage":null,"lost_in_post":null,"other_logs":null,"out_stock_days":null,"lost_sales":null,"has_location":false,"update_date":"2025-11-05T08:52:11","atum_locations":[],"atum_stock_status":"instock","restock_status":false,"low_stock_amount":"","sales_update_date":"2022-07-18T05:42:59","calc_backorders":null,"jetpack_sharing_enabled":true,"_links":{"self":[{"href":"https:\/\/www.ictdokterzwolle.nl\/shop\/wp-json\/wp\/v2\/product\/21119","targetHints":{"allow":["GET"]}}],"collection":[{"href":"https:\/\/www.ictdokterzwolle.nl\/shop\/wp-json\/wp\/v2\/product"}],"about":[{"href":"https:\/\/www.ictdokterzwolle.nl\/shop\/wp-json\/wp\/v2\/types\/product"}],"replies":[{"embeddable":true,"href":"https:\/\/www.ictdokterzwolle.nl\/shop\/wp-json\/wp\/v2\/comments?post=21119"}],"wp:featuredmedia":[{"embeddable":true,"href":"https:\/\/www.ictdokterzwolle.nl\/shop\/wp-json\/wp\/v2\/media\/21125"}],"wp:attachment":[{"href":"https:\/\/www.ictdokterzwolle.nl\/shop\/wp-json\/wp\/v2\/media?parent=21119"}],"wp:term":[{"taxonomy":"product_brand","embeddable":true,"href":"https:\/\/www.ictdokterzwolle.nl\/shop\/wp-json\/wp\/v2\/product_brand?post=21119"},{"taxonomy":"product_cat","embeddable":true,"href":"https:\/\/www.ictdokterzwolle.nl\/shop\/wp-json\/wp\/v2\/product_cat?post=21119"},{"taxonomy":"product_tag","embeddable":true,"href":"https:\/\/www.ictdokterzwolle.nl\/shop\/wp-json\/wp\/v2\/product_tag?post=21119"}],"curies":[{"name":"wp","href":"https:\/\/api.w.org\/{rel}","templated":true}]}}