{"id":21028,"date":"2025-08-27T08:54:10","date_gmt":"2025-08-27T08:54:10","guid":{"rendered":"https:\/\/www.ictdokterzwolle.nl\/shop\/?post_type=product&#038;p=21028"},"modified":"2025-12-08T09:07:18","modified_gmt":"2025-12-08T09:07:18","slug":"huismerk-canon-pgi-530-cli-531-inktcartridges-multipack-2x-zwart-4-kleuren","status":"publish","type":"product","link":"https:\/\/www.ictdokterzwolle.nl\/shop\/product\/huismerk-canon-pgi-530-cli-531-inktcartridges-multipack-2x-zwart-4-kleuren\/","title":{"rendered":"Huismerk Canon PGI-530\/CLI-531 Inktcartridges Multipack (2x zwart + 4 kleuren)"},"content":{"rendered":"<p><strong>Inhoud van deze Huismerk Canon PGI-530\/CLI-531 multipack:<\/strong><\/p>\n<p>1 x Zwart (PGI-530) 25 ml<br \/>\n1 x Zwart (CLI-531) 13 ml<br \/>\n1 x Cyaan (CLI-531) 13 ml<br \/>\n1 x Magenta (CLI-531) 13 ml<br \/>\n1 x Geel (CLI-531) 13 ml<br \/>\n1 x Grijs (CLI-531) 13 ml.<\/p>\n<p><strong>Betrouwbare kwaliteit<\/strong><\/p>\n<p>De hoge en betrouwbare kwaliteit van onze huismerk inktcartridges voor Canon printers zijn gelijkwaardig aan de veel duurdere originele Canon inktcartridges. Dankzij de hoge capaciteit hebben onze huismerk inktcartridges meer inhoud, bijna 2x zoveel als origineel, dus naast de lagere prijs gaan ze ook nog eens een stuk langer mee. Een eenvoudige optelsom: geen kwaliteitsverschil en stukken voordeliger!<\/p>\n<p>&nbsp;<\/p>\n<p>Canon Pixma TS8750<br \/>\nCanon Pixma TS8751<\/p>\n","protected":false},"excerpt":{"rendered":"<p>De PGI-530\/CLI-531 inktcartridges van Canon zijn geschikt voor een selectie printers uit de Pixma serie van Canon. Om zeker te zijn dat deze inktcartridges voor uw printer geschikt zijn kunt u de printerlijst in deze pagina nakijken. Er gaan6 cartridges in de printer: \u00e9\u00e9n grote + \u00e9\u00e9n kleine zwarte en de drie kleuren cyaan (blauw), magenta (rood) en geel.<\/p>\n","protected":false},"featured_media":21029,"comment_status":"open","ping_status":"closed","template":"","meta":[],"product_brand":[],"product_cat":[146,1587],"product_tag":[],"class_list":{"0":"post-21028","1":"product","2":"type-product","3":"status-publish","4":"has-post-thumbnail","6":"product_cat-canon","7":"product_cat-multipack-cartridges","8":"product_shipping_class-mp","10":"first","11":"instock","12":"sale","13":"taxable","14":"shipping-taxable","15":"purchasable","16":"product-type-simple"},"supplier_id":null,"supplier_sku":"","barcode":null,"atum_controlled":true,"out_stock_date":null,"out_stock_threshold":null,"inheritable":false,"inbound_stock":null,"stock_on_hold":null,"sold_today":null,"sales_last_days":null,"reserved_stock":null,"customer_returns":null,"warehouse_damage":null,"lost_in_post":null,"other_logs":null,"out_stock_days":null,"lost_sales":null,"has_location":false,"update_date":"2025-12-08T09:07:25","atum_locations":[],"atum_stock_status":"instock","restock_status":false,"low_stock_amount":"","sales_update_date":null,"calc_backorders":null,"jetpack_sharing_enabled":true,"_links":{"self":[{"href":"https:\/\/www.ictdokterzwolle.nl\/shop\/wp-json\/wp\/v2\/product\/21028","targetHints":{"allow":["GET"]}}],"collection":[{"href":"https:\/\/www.ictdokterzwolle.nl\/shop\/wp-json\/wp\/v2\/product"}],"about":[{"href":"https:\/\/www.ictdokterzwolle.nl\/shop\/wp-json\/wp\/v2\/types\/product"}],"replies":[{"embeddable":true,"href":"https:\/\/www.ictdokterzwolle.nl\/shop\/wp-json\/wp\/v2\/comments?post=21028"}],"wp:featuredmedia":[{"embeddable":true,"href":"https:\/\/www.ictdokterzwolle.nl\/shop\/wp-json\/wp\/v2\/media\/21029"}],"wp:attachment":[{"href":"https:\/\/www.ictdokterzwolle.nl\/shop\/wp-json\/wp\/v2\/media?parent=21028"}],"wp:term":[{"taxonomy":"product_brand","embeddable":true,"href":"https:\/\/www.ictdokterzwolle.nl\/shop\/wp-json\/wp\/v2\/product_brand?post=21028"},{"taxonomy":"product_cat","embeddable":true,"href":"https:\/\/www.ictdokterzwolle.nl\/shop\/wp-json\/wp\/v2\/product_cat?post=21028"},{"taxonomy":"product_tag","embeddable":true,"href":"https:\/\/www.ictdokterzwolle.nl\/shop\/wp-json\/wp\/v2\/product_tag?post=21028"}],"curies":[{"name":"wp","href":"https:\/\/api.w.org\/{rel}","templated":true}]}}