{"id":20721,"date":"2024-11-26T09:39:56","date_gmt":"2024-11-26T09:39:56","guid":{"rendered":"https:\/\/www.ictdokterzwolle.nl\/shop\/?post_type=product&#038;p=20721"},"modified":"2025-11-04T12:03:54","modified_gmt":"2025-11-04T12:03:54","slug":"terra-lcd-led-2775w-pv-v3","status":"publish","type":"product","link":"https:\/\/www.ictdokterzwolle.nl\/shop\/product\/terra-lcd-led-2775w-pv-v3\/","title":{"rendered":"TERRA LCD\/LED 2775W PV V3"},"content":{"rendered":"<table id=\"ctl00_ctl00_ctl00_SiteContent_SiteContent_SiteContent_articleFeatureDisplayDetails_gridViewProductAttributes\" class=\"table table-condensed\" border=\"0\" cellspacing=\"0\">\n<tbody>\n<tr>\n<td><strong>Beeldscherm<\/strong><\/td>\n<\/tr>\n<tr>\n<td class=\"col-xs-3\">Beeldschermdiagonaal<\/td>\n<td>27 &#8220;<\/td>\n<\/tr>\n<tr>\n<td class=\"col-xs-3\">Schermdiameter in centimeters<\/td>\n<td>68.6<\/td>\n<\/tr>\n<tr>\n<td class=\"col-xs-3\">Resolutie<\/td>\n<td>2560 x 1440 (WQHD)<\/td>\n<\/tr>\n<tr>\n<td class=\"col-xs-3\">Helderheid<\/td>\n<td>300 cd\/m\u00b2<\/td>\n<\/tr>\n<tr>\n<td class=\"col-xs-3\">Responstijd<\/td>\n<td>5 ms (Overdrive)<\/td>\n<\/tr>\n<tr>\n<td class=\"col-xs-3\">Hoek schuine stand<\/td>\n<td>20 5<\/td>\n<\/tr>\n<tr>\n<td class=\"col-xs-3\">Beeldoppervlakte<\/td>\n<td>Ja<\/td>\n<\/tr>\n<tr>\n<td class=\"col-xs-3\">Beeldscherm, aantal kleuren<\/td>\n<td>1.07 billion colors (10 Bit)<\/td>\n<\/tr>\n<tr>\n<td class=\"col-xs-3\">Pixel pitch<\/td>\n<td>0.2331 mm<\/td>\n<\/tr>\n<tr>\n<td class=\"col-xs-3\">Typische contrastverhouding<\/td>\n<td>30.000.000:1 (DCR)<\/td>\n<\/tr>\n<tr>\n<td class=\"col-xs-3\">Kijkhoek, horizontaal<\/td>\n<td>178<\/td>\n<\/tr>\n<tr>\n<td class=\"col-xs-3\">Kijkhoek, verticaal<\/td>\n<td>178<\/td>\n<\/tr>\n<tr>\n<td class=\"col-xs-3\">Beeldverhouding<\/td>\n<td>16:9<\/td>\n<\/tr>\n<tr>\n<td class=\"col-xs-3\">Backlight type<\/td>\n<td>LED-Backlight<\/td>\n<\/tr>\n<tr>\n<td class=\"col-xs-3\">Beeldscherm<\/td>\n<td>IPS<\/td>\n<\/tr>\n<tr>\n<td class=\"col-xs-3\"><\/td>\n<td><strong>Poorten &amp; interfaces<\/strong><\/td>\n<\/tr>\n<tr>\n<td class=\"col-xs-3\">Hoofdtelefoon uit<\/td>\n<td>Ja<\/td>\n<\/tr>\n<tr>\n<td class=\"col-xs-3\">Interface<\/td>\n<td>USB-C HDMI Displayport 1.2 Displaypoort uitgang (Daisy chain) RJ45 gigabit LAN aansluiting<\/td>\n<\/tr>\n<tr>\n<td class=\"col-xs-3\">Ingebouwde USB-hub<\/td>\n<td>3x USB 3.0<\/td>\n<\/tr>\n<tr>\n<td class=\"col-xs-3\">PC audio ingang<\/td>\n<td>Digitaal via HDMI, Displaypoort of USB-C<\/td>\n<\/tr>\n<tr>\n<td class=\"col-xs-3\">HDCP<\/td>\n<td>Ja<\/td>\n<\/tr>\n<tr>\n<td class=\"col-xs-3\"><\/td>\n<td><strong>Design<\/strong><\/td>\n<\/tr>\n<tr>\n<td class=\"col-xs-3\">Kleur van het product<\/td>\n<td>mat zwart<\/td>\n<\/tr>\n<tr>\n<td class=\"col-xs-3\"><\/td>\n<td><strong>Gewicht en omvang<\/strong><\/td>\n<\/tr>\n<tr>\n<td class=\"col-xs-3\">Hoogte (met standaard)<\/td>\n<td>39.1 tot 52.1<\/td>\n<\/tr>\n<tr>\n<td class=\"col-xs-3\">Breedte (met standaard)<\/td>\n<td>61.2 cm<\/td>\n<\/tr>\n<tr>\n<td class=\"col-xs-3\">Diepte (met standaard)<\/td>\n<td>19<\/td>\n<\/tr>\n<tr>\n<td class=\"col-xs-3\">Gewicht (met standaard)<\/td>\n<td>7.0 kg<\/td>\n<\/tr>\n<tr>\n<td class=\"col-xs-3\">Hoogte<\/td>\n<td>36.5 cm<\/td>\n<\/tr>\n<tr>\n<td class=\"col-xs-3\">Breedte<\/td>\n<td>61.2 cm<\/td>\n<\/tr>\n<tr>\n<td class=\"col-xs-3\">Diepte<\/td>\n<td>4.4<\/td>\n<\/tr>\n<tr>\n<td class=\"col-xs-3\">Gewicht<\/td>\n<td>4.8 kg<\/td>\n<\/tr>\n<tr>\n<td class=\"col-xs-3\"><\/td>\n<td><strong>Energie<\/strong><\/td>\n<\/tr>\n<tr>\n<td class=\"col-xs-3\">Stroomverbruik (indien uit)<\/td>\n<td>&lt; 0.3 W<\/td>\n<\/tr>\n<tr>\n<td class=\"col-xs-3\">Stroomverbruik (in standby)<\/td>\n<td>&lt; 0.5 W<\/td>\n<\/tr>\n<tr>\n<td class=\"col-xs-3\">Energie-effici\u00ebntieklasse<\/td>\n<td>F<\/td>\n<\/tr>\n<tr>\n<td class=\"col-xs-3\">Voeding<\/td>\n<td>25 W<\/td>\n<\/tr>\n<tr>\n<td class=\"col-xs-3\">AC-ingangsspanning<\/td>\n<td>100 &#8211; 240 V, 50 &#8211; 60 Hz<\/td>\n<\/tr>\n<tr>\n<td class=\"col-xs-3\">Vermogenstoevoer locatie<\/td>\n<td>Intern<\/td>\n<\/tr>\n<tr>\n<td class=\"col-xs-3\"><\/td>\n<td><strong>Ergonomie<\/strong><\/td>\n<\/tr>\n<tr>\n<td class=\"col-xs-3\">Bevestigingsmogelijkheid voor kabelslot<\/td>\n<td>Ja<\/td>\n<\/tr>\n<tr>\n<td class=\"col-xs-3\">In hoogte verstelbaar<\/td>\n<td>Ja<\/td>\n<\/tr>\n<tr>\n<td class=\"col-xs-3\">Scharnier<\/td>\n<td>Ja<\/td>\n<\/tr>\n<tr>\n<td class=\"col-xs-3\">VESA montage-interface<\/td>\n<td>100 x 100 mm<\/td>\n<\/tr>\n<tr>\n<td class=\"col-xs-3\">Plug and play<\/td>\n<td>DDC 1\/2B\/CI<\/td>\n<\/tr>\n<tr>\n<td class=\"col-xs-3\"><\/td>\n<td><strong>Certificaten<\/strong><\/td>\n<\/tr>\n<tr>\n<td class=\"col-xs-3\">Voldoet aan industriestandaarden<\/td>\n<td>CE, T\u00dcV-GS, T\u00dcV Ergonomie gepr\u00fcft, ISO 9241-307<\/td>\n<\/tr>\n<tr>\n<td class=\"col-xs-3\"><\/td>\n<td><strong>Overige specificaties<\/strong><\/td>\n<\/tr>\n<tr>\n<td class=\"col-xs-3\">Speciale eigenschappen<\/td>\n<td>Randloos design IPS Paneltechnologie WQHD-resolutie (2560&#215;1440) USB-C aansluiting voor audio en video-overdracht 3 vaks USB Hub (5 Gbit\/s) Gigabit Netwerkaansluiting RJ45 75 Hz vernieuwingssnelheid Geintegreerde luidsprekers Flicker Free LED Backlight Permanente hardware anti-blue-light (geen aparte instelling nodig) Multifunctionele standaard met Pivotfunctie (120 mm), verticale zwenkfunctie (-5\u00b0 tot 20\u00b0) en horizontale zwenkfunctie (45\u00b0 links + 45\u00b0 rechts) Gebruik op meerdere PC&#8217;s mogelijk<\/td>\n<\/tr>\n<tr>\n<td class=\"col-xs-3\"><\/td>\n<td><strong>Multimedia<\/strong><\/td>\n<\/tr>\n<tr>\n<td class=\"col-xs-3\">Ingebouwde luidsprekers<\/td>\n<td>Ja<\/td>\n<\/tr>\n<tr>\n<td class=\"col-xs-3\"><\/td>\n<td><strong>Dunne Client<\/strong><\/td>\n<\/tr>\n<tr>\n<td class=\"col-xs-3\">Thin client<\/td>\n<td>Nee<\/td>\n<\/tr>\n<\/tbody>\n<\/table>\n","protected":false},"excerpt":{"rendered":"<p>Beeldscherm Beeldschermdiagonaal 27 &#8220; Schermdiameter in centimeters 68.6 Resolutie 2560 x 1440 (WQHD) Helderheid 300 cd\/m\u00b2 Responstijd 5 ms (Overdrive) Hoek schuine stand 20 5 Beeldoppervlakte Ja Beeldscherm, aantal kleuren 1.07 billion colors (10 Bit) Pixel pitch 0.2331 mm Typische contrastverhouding 30.000.000:1 (DCR) Kijkhoek, horizontaal 178 Kijkhoek, verticaal 178 Beeldverhouding 16:9 Backlight type LED-Backlight Beeldscherm [&hellip;]<\/p>\n","protected":false},"featured_media":20725,"comment_status":"open","ping_status":"closed","template":"","meta":[],"product_brand":[],"product_cat":[34],"product_tag":[4194],"class_list":{"0":"post-20721","1":"product","2":"type-product","3":"status-publish","4":"has-post-thumbnail","6":"product_cat-beeldscherm","7":"product_tag-4194","8":"product_shipping_class-mp","9":"pa_gtin-4192","10":"pa_merk-terra","12":"first","13":"instock","14":"taxable","15":"shipping-taxable","16":"purchasable","17":"product-type-simple"},"supplier_id":null,"supplier_sku":"","barcode":null,"atum_controlled":true,"out_stock_date":null,"out_stock_threshold":null,"inheritable":false,"inbound_stock":null,"stock_on_hold":null,"sold_today":null,"sales_last_days":null,"reserved_stock":null,"customer_returns":null,"warehouse_damage":null,"lost_in_post":null,"other_logs":null,"out_stock_days":null,"lost_sales":null,"has_location":false,"update_date":"2025-11-04T12:03:55","atum_locations":[],"atum_stock_status":"instock","restock_status":false,"low_stock_amount":"","sales_update_date":"2022-07-18T05:42:54","calc_backorders":null,"jetpack_sharing_enabled":true,"_links":{"self":[{"href":"https:\/\/www.ictdokterzwolle.nl\/shop\/wp-json\/wp\/v2\/product\/20721","targetHints":{"allow":["GET"]}}],"collection":[{"href":"https:\/\/www.ictdokterzwolle.nl\/shop\/wp-json\/wp\/v2\/product"}],"about":[{"href":"https:\/\/www.ictdokterzwolle.nl\/shop\/wp-json\/wp\/v2\/types\/product"}],"replies":[{"embeddable":true,"href":"https:\/\/www.ictdokterzwolle.nl\/shop\/wp-json\/wp\/v2\/comments?post=20721"}],"wp:featuredmedia":[{"embeddable":true,"href":"https:\/\/www.ictdokterzwolle.nl\/shop\/wp-json\/wp\/v2\/media\/20725"}],"wp:attachment":[{"href":"https:\/\/www.ictdokterzwolle.nl\/shop\/wp-json\/wp\/v2\/media?parent=20721"}],"wp:term":[{"taxonomy":"product_brand","embeddable":true,"href":"https:\/\/www.ictdokterzwolle.nl\/shop\/wp-json\/wp\/v2\/product_brand?post=20721"},{"taxonomy":"product_cat","embeddable":true,"href":"https:\/\/www.ictdokterzwolle.nl\/shop\/wp-json\/wp\/v2\/product_cat?post=20721"},{"taxonomy":"product_tag","embeddable":true,"href":"https:\/\/www.ictdokterzwolle.nl\/shop\/wp-json\/wp\/v2\/product_tag?post=20721"}],"curies":[{"name":"wp","href":"https:\/\/api.w.org\/{rel}","templated":true}]}}