{"id":20617,"date":"2024-11-25T15:14:01","date_gmt":"2024-11-25T15:14:01","guid":{"rendered":"https:\/\/www.ictdokterzwolle.nl\/shop\/?post_type=product&#038;p=20617"},"modified":"2024-12-10T15:28:48","modified_gmt":"2024-12-10T15:28:48","slug":"terra-lcd-led-2465w-pv-white-usb-c-dp-hdmi-greenline-plus","status":"publish","type":"product","link":"https:\/\/www.ictdokterzwolle.nl\/shop\/product\/terra-lcd-led-2465w-pv-white-usb-c-dp-hdmi-greenline-plus\/","title":{"rendered":"TERRA LCD\/LED 2465W PV white USB-C\/DP\/HDMI GREENLINE PLUS"},"content":{"rendered":"<table id=\"ctl00_ctl00_ctl00_SiteContent_SiteContent_SiteContent_articleFeatureDisplayDetails_gridViewProductAttributes\" class=\"table table-condensed\" border=\"0\" cellspacing=\"0\">\n<tbody>\n<tr>\n<td><strong>Beeldscherm<\/strong><\/td>\n<\/tr>\n<tr>\n<td class=\"col-xs-3\">Beeldschermdiagonaal<\/td>\n<td>23.8 &#8220;<\/td>\n<\/tr>\n<tr>\n<td class=\"col-xs-3\">Resolutie<\/td>\n<td>1920 x 1080 Pixel (Full-HD)<\/td>\n<\/tr>\n<tr>\n<td class=\"col-xs-3\">Helderheid<\/td>\n<td>250 cd\/m\u00b2<\/td>\n<\/tr>\n<tr>\n<td class=\"col-xs-3\">Responstijd<\/td>\n<td>5 ms (Overdrive)<\/td>\n<\/tr>\n<tr>\n<td class=\"col-xs-3\">Beeldoppervlakte<\/td>\n<td>Ja<\/td>\n<\/tr>\n<tr>\n<td class=\"col-xs-3\">Beeldscherm, aantal kleuren<\/td>\n<td>16,7 miljoen kleuren<\/td>\n<\/tr>\n<tr>\n<td class=\"col-xs-3\">Typische contrastverhouding<\/td>\n<td>30.000.000:1 (DCR)<\/td>\n<\/tr>\n<tr>\n<td class=\"col-xs-3\">Beeldverhouding<\/td>\n<td>16:9<\/td>\n<\/tr>\n<tr>\n<td class=\"col-xs-3\">Backlight type<\/td>\n<td>LED-Backlight<\/td>\n<\/tr>\n<tr>\n<td class=\"col-xs-3\">Beeldscherm<\/td>\n<td>IPS<\/td>\n<\/tr>\n<tr>\n<td class=\"col-xs-3\"><\/td>\n<td><strong>Poorten &amp; interfaces<\/strong><\/td>\n<\/tr>\n<tr>\n<td class=\"col-xs-3\">Hoofdtelefoon uit<\/td>\n<td>Ja<\/td>\n<\/tr>\n<tr>\n<td class=\"col-xs-3\">Interface<\/td>\n<td>HDMI Displayport 1.2 VGA<\/td>\n<\/tr>\n<tr>\n<td class=\"col-xs-3\">PC audio ingang<\/td>\n<td>Digitaal via HDMI, Displaypoort of USB-C<\/td>\n<\/tr>\n<tr>\n<td class=\"col-xs-3\">HDCP<\/td>\n<td>Ja<\/td>\n<\/tr>\n<tr>\n<td class=\"col-xs-3\"><\/td>\n<td><strong>Design<\/strong><\/td>\n<\/tr>\n<tr>\n<td class=\"col-xs-3\">Kleur van het product<\/td>\n<td>Wit<\/td>\n<\/tr>\n<tr>\n<td class=\"col-xs-3\"><\/td>\n<td><strong>Gewicht en omvang<\/strong><\/td>\n<\/tr>\n<tr>\n<td class=\"col-xs-3\">Breedte<\/td>\n<td>53.8 cm<\/td>\n<\/tr>\n<tr>\n<td class=\"col-xs-3\">Gewicht<\/td>\n<td>2.7 kg<\/td>\n<\/tr>\n<tr>\n<td class=\"col-xs-3\"><\/td>\n<td><strong>Energie<\/strong><\/td>\n<\/tr>\n<tr>\n<td class=\"col-xs-3\">Stroomverbruik (indien uit)<\/td>\n<td>&lt; 0.3 W<\/td>\n<\/tr>\n<tr>\n<td class=\"col-xs-3\">Stroomverbruik (in standby)<\/td>\n<td>&lt; 0.5 W<\/td>\n<\/tr>\n<tr>\n<td class=\"col-xs-3\">Voeding<\/td>\n<td>14 W<\/td>\n<\/tr>\n<tr>\n<td class=\"col-xs-3\">AC-ingangsspanning<\/td>\n<td>100 &#8211; 240 V, 50 &#8211; 60 Hz<\/td>\n<\/tr>\n<tr>\n<td class=\"col-xs-3\">Vermogenstoevoer locatie<\/td>\n<td>External<\/td>\n<\/tr>\n<tr>\n<td class=\"col-xs-3\"><\/td>\n<td><strong>Ergonomie<\/strong><\/td>\n<\/tr>\n<tr>\n<td class=\"col-xs-3\">Bevestigingsmogelijkheid voor kabelslot<\/td>\n<td>Ja<\/td>\n<\/tr>\n<tr>\n<td class=\"col-xs-3\">In hoogte verstelbaar<\/td>\n<td>Ja<\/td>\n<\/tr>\n<tr>\n<td class=\"col-xs-3\">Scharnier<\/td>\n<td>Ja<\/td>\n<\/tr>\n<tr>\n<td class=\"col-xs-3\">Plug and play<\/td>\n<td>DDC 1\/2B\/CI<\/td>\n<\/tr>\n<tr>\n<td class=\"col-xs-3\"><\/td>\n<td><strong>Certificaten<\/strong><\/td>\n<\/tr>\n<tr>\n<td class=\"col-xs-3\">Voldoet aan industriestandaarden<\/td>\n<td>CE, T\u00dcV-GS, T\u00dcV Ergonomie gepr\u00fcft, ISO 9241-307<\/td>\n<\/tr>\n<tr>\n<td class=\"col-xs-3\"><\/td>\n<td><strong>Overige specificaties<\/strong><\/td>\n<\/tr>\n<tr>\n<td class=\"col-xs-3\">Speciale eigenschappen<\/td>\n<td>Geintegreerde luidsprekers<\/td>\n<\/tr>\n<tr>\n<td class=\"col-xs-3\"><\/td>\n<td><strong>Multimedia<\/strong><\/td>\n<\/tr>\n<tr>\n<td class=\"col-xs-3\">Ingebouwde luidsprekers<\/td>\n<td>Ja<\/td>\n<\/tr>\n<tr>\n<td class=\"col-xs-3\"><\/td>\n<td><strong>Dunne Client<\/strong><\/td>\n<\/tr>\n<tr>\n<td class=\"col-xs-3\">Thin client<\/td>\n<td>Nee<\/td>\n<\/tr>\n<\/tbody>\n<\/table>\n","protected":false},"excerpt":{"rendered":"<p>Beeldscherm Beeldschermdiagonaal 23.8 &#8220; Resolutie 1920 x 1080 Pixel (Full-HD) Helderheid 250 cd\/m\u00b2 Responstijd 5 ms (Overdrive) Beeldoppervlakte Ja Beeldscherm, aantal kleuren 16,7 miljoen kleuren Typische contrastverhouding 30.000.000:1 (DCR) Beeldverhouding 16:9 Backlight type LED-Backlight Beeldscherm IPS Poorten &amp; interfaces Hoofdtelefoon uit Ja Interface HDMI Displayport 1.2 VGA PC audio ingang Digitaal via HDMI, Displaypoort of [&hellip;]<\/p>\n","protected":false},"featured_media":20620,"comment_status":"open","ping_status":"closed","template":"","meta":[],"product_brand":[],"product_cat":[34],"product_tag":[4128],"class_list":{"0":"post-20617","1":"product","2":"type-product","3":"status-publish","4":"has-post-thumbnail","6":"product_cat-beeldscherm","7":"product_tag-4128","8":"product_shipping_class-mp","9":"pa_gtin-4127","10":"pa_merk-terra","12":"first","13":"instock","14":"taxable","15":"shipping-taxable","16":"purchasable","17":"product-type-simple"},"supplier_id":null,"supplier_sku":"","barcode":null,"atum_controlled":true,"out_stock_date":null,"out_stock_threshold":null,"inheritable":false,"inbound_stock":null,"stock_on_hold":0,"sold_today":0,"sales_last_days":0,"reserved_stock":null,"customer_returns":null,"warehouse_damage":null,"lost_in_post":null,"other_logs":null,"out_stock_days":0,"lost_sales":0,"has_location":false,"update_date":"2025-11-18T12:31:34","atum_locations":[],"atum_stock_status":"instock","restock_status":false,"low_stock_amount":"","sales_update_date":"2025-11-18T12:31:34","calc_backorders":null,"jetpack_sharing_enabled":true,"_links":{"self":[{"href":"https:\/\/www.ictdokterzwolle.nl\/shop\/wp-json\/wp\/v2\/product\/20617","targetHints":{"allow":["GET"]}}],"collection":[{"href":"https:\/\/www.ictdokterzwolle.nl\/shop\/wp-json\/wp\/v2\/product"}],"about":[{"href":"https:\/\/www.ictdokterzwolle.nl\/shop\/wp-json\/wp\/v2\/types\/product"}],"replies":[{"embeddable":true,"href":"https:\/\/www.ictdokterzwolle.nl\/shop\/wp-json\/wp\/v2\/comments?post=20617"}],"wp:featuredmedia":[{"embeddable":true,"href":"https:\/\/www.ictdokterzwolle.nl\/shop\/wp-json\/wp\/v2\/media\/20620"}],"wp:attachment":[{"href":"https:\/\/www.ictdokterzwolle.nl\/shop\/wp-json\/wp\/v2\/media?parent=20617"}],"wp:term":[{"taxonomy":"product_brand","embeddable":true,"href":"https:\/\/www.ictdokterzwolle.nl\/shop\/wp-json\/wp\/v2\/product_brand?post=20617"},{"taxonomy":"product_cat","embeddable":true,"href":"https:\/\/www.ictdokterzwolle.nl\/shop\/wp-json\/wp\/v2\/product_cat?post=20617"},{"taxonomy":"product_tag","embeddable":true,"href":"https:\/\/www.ictdokterzwolle.nl\/shop\/wp-json\/wp\/v2\/product_tag?post=20617"}],"curies":[{"name":"wp","href":"https:\/\/api.w.org\/{rel}","templated":true}]}}