{"id":20428,"date":"2024-10-01T09:52:00","date_gmt":"2024-10-01T09:52:00","guid":{"rendered":"https:\/\/www.ictdokterzwolle.nl\/shop\/?post_type=product&#038;p=20428"},"modified":"2024-10-01T10:00:18","modified_gmt":"2024-10-01T10:00:18","slug":"brother-pt-d210vp-labelprinter","status":"publish","type":"product","link":"https:\/\/www.ictdokterzwolle.nl\/shop\/product\/brother-pt-d210vp-labelprinter\/","title":{"rendered":"Brother PT-D210VP Labelprinter"},"content":{"rendered":"<table class=\"popularSpecs\">\n<thead>\n<tr>\n<th colspan=\"2\">\n<h3 class=\"toggleBtn bar right\">Populaire specificaties<\/h3>\n<\/th>\n<\/tr>\n<\/thead>\n<tbody class=\"toggleContent\">\n<tr>\n<td class=\"spec-label\">All-in-one printer<\/td>\n<td class=\"spec\"><span class=\"sprite boolFalse\">Nee<\/span><\/td>\n<\/tr>\n<tr>\n<td class=\"spec-label\">Printertype<\/td>\n<td class=\"spec\">Labelprinter, Thermische printer<\/td>\n<\/tr>\n<tr>\n<td class=\"spec-label\">Printkleur<\/td>\n<td class=\"spec\">Zwart<\/td>\n<\/tr>\n<tr>\n<td class=\"spec-label\">Printresolutie (horizontaal)<\/td>\n<td class=\"spec\">180 dpi<\/td>\n<\/tr>\n<tr>\n<td class=\"spec-label\">Printresolutie (verticaal)<\/td>\n<td class=\"spec\">180 dpi<\/td>\n<\/tr>\n<tr>\n<td class=\"spec-label\">WiFi onboard<\/td>\n<td class=\"spec\"><span class=\"sprite boolFalse\">Nee<\/span><\/td>\n<\/tr>\n<\/tbody>\n<\/table>\n<div class=\"toggleSpecsContainer\"><a class=\"toggleSpecs\">Alles\u00a0<span class=\"close\">sluiten<\/span><\/a><\/div>\n<table class=\"toggleable\">\n<thead>\n<tr>\n<th colspan=\"2\">\n<h3 class=\"toggleBtn bar right\">Techniek en functies<\/h3>\n<\/th>\n<\/tr>\n<\/thead>\n<tbody class=\"toggleContent\">\n<tr>\n<td class=\"spec-label\">All-in-one printer<\/td>\n<td class=\"spec\"><span class=\"sprite boolFalse\">Nee<\/span><\/td>\n<\/tr>\n<tr>\n<td class=\"spec-label\">Printertype<\/td>\n<td class=\"spec\">Labelprinter, Thermische printer<\/td>\n<\/tr>\n<tr>\n<td class=\"spec-label\">Printkleur<\/td>\n<td class=\"spec\">Zwart<\/td>\n<\/tr>\n<\/tbody>\n<\/table>\n<table class=\"toggleable\">\n<thead>\n<tr>\n<th colspan=\"2\">\n<h3 class=\"toggleBtn bar right\">Printer &#8211; resolutie<\/h3>\n<\/th>\n<\/tr>\n<\/thead>\n<tbody class=\"toggleContent\">\n<tr>\n<td class=\"spec-label\">Printresolutie (horizontaal)<\/td>\n<td class=\"spec\">180 dpi<\/td>\n<\/tr>\n<tr>\n<td class=\"spec-label\">Printresolutie (verticaal)<\/td>\n<td class=\"spec\">180 dpi<\/td>\n<\/tr>\n<\/tbody>\n<\/table>\n<table class=\"toggleable\">\n<thead>\n<tr>\n<th colspan=\"2\">\n<h3 class=\"toggleBtn bar right\">Verbindingen<\/h3>\n<\/th>\n<\/tr>\n<\/thead>\n<tbody class=\"toggleContent\">\n<tr>\n<td class=\"spec-label\">WiFi onboard<\/td>\n<td class=\"spec\"><span class=\"sprite boolFalse\">Nee<\/span><\/td>\n<\/tr>\n<\/tbody>\n<\/table>\n<table class=\"toggleable\">\n<thead>\n<tr>\n<th colspan=\"2\">\n<h3 class=\"toggleBtn bar right\">Afmetingen<\/h3>\n<\/th>\n<\/tr>\n<\/thead>\n<tbody class=\"toggleContent\">\n<tr>\n<td class=\"spec-label\">Hoogte<\/td>\n<td class=\"spec\">68mm<\/td>\n<\/tr>\n<tr>\n<td class=\"spec-label\">Breedte<\/td>\n<td class=\"spec\">159mm<\/td>\n<\/tr>\n<tr>\n<td class=\"spec-label\">Diepte<\/td>\n<td class=\"spec\">149mm<\/td>\n<\/tr>\n<\/tbody>\n<\/table>\n<table class=\"toggleable\">\n<thead>\n<tr>\n<th colspan=\"2\">\n<h3 class=\"toggleBtn bar right\">Gewicht en kleur<\/h3>\n<\/th>\n<\/tr>\n<\/thead>\n<tbody class=\"toggleContent\">\n<tr>\n<td class=\"spec-label\">Gewicht<\/td>\n<td class=\"spec\">490g<\/td>\n<\/tr>\n<tr>\n<td class=\"spec-label\">Kleur<\/td>\n<td class=\"spec\">Zwart<\/td>\n<\/tr>\n<\/tbody>\n<\/table>\n","protected":false},"excerpt":{"rendered":"<h2 class=\"heading heading-h2 heading-blue\">Productbeschrijving<\/h2>\n<div>\n<h2>Brother PT-D210VP labelprinter kopen?<\/h2>\n<p>Ben jij iemand die houdt van orde en structuur? Dan is een labelprinter een onmisbare hulp. Met een labelprinter kun je eenvoudig alle kasten, bakken en ordners labelen, waardoor je in \u00e9\u00e9n oogopslag ziet waar alles staat. Dit is zowel voor zakelijk als priv\u00e9gebruik zeer nuttig. De Brother PT-D210VP Labelprinter is de perfecte keuze als je op zoek bent naar een draagbare en veelzijdige labelprinter.<\/p>\n<h2>Voordelen van de draagbare Brother labelprinter<\/h2>\n<p>Het kan zijn dat je niet direct alle voordelen van een draagbare Brother labelprinter ziet. Daarom hebben we de belangrijkste voordelen voor je op een rij gezet, zodat je een weloverwogen beslissing kunt nemen.<\/p>\n<p>Gebruik je de Brother PT-D210VP Labelprinter op kantoor of in een magazijn? Dan is het ideaal om ter plekke je labels te kunnen printen. Sta je bijvoorbeeld bij een stelling of kast, dan kun je meteen de naam typen met het handige QWERTY-toetsenbord. Voor zakelijk gebruik raden we zeker een draagbare Brother labelprinter aan.<\/p>\n<h2>Waarom kiezen voor de Brother PT-D210VP labelprinter?<\/h2>\n<p>Deze draagbare Brother labelprinter werkt op AAA-batterijen en weegt slechts 0,49 kg, waardoor hij makkelijk in de hand ligt en overal mee naartoe genomen kan worden.<\/p>\n<\/div>\n<h2 class=\"heading heading-h2 heading-blue\">In de doos<\/h2>\n<p>Met deze printer worden onderstaande onderdelen standaard meegeleverd:<\/p>\n<div class=\"p1ohi5eu pnzgun\">\n<div class=\"pzu3r31\">\n<div class=\"row\">\n<div class=\"small-12 columns\">\n<table class=\"pvb91jv\">\n<tbody>\n<tr class=\"pe715s5\">\n<td class=\"pc36xs9 p1hsqivc\">Handleiding<\/td>\n<td class=\"pc36xs9\">Ja<\/td>\n<\/tr>\n<tr class=\"pe715s5\">\n<td class=\"pc36xs9 p1hsqivc\">Netsnoer<\/td>\n<td class=\"pc36xs9\">Nee<\/td>\n<\/tr>\n<tr class=\"pe715s5\">\n<td class=\"pc36xs9 p1hsqivc\">Labels inbegrepen<\/td>\n<td class=\"pc36xs9\">Ja<\/td>\n<\/tr>\n<\/tbody>\n<\/table>\n<\/div>\n<\/div>\n<\/div>\n<\/div>\n","protected":false},"featured_media":20429,"comment_status":"open","ping_status":"closed","template":"","meta":[],"product_brand":[],"product_cat":[1380],"product_tag":[1403],"class_list":{"0":"post-20428","1":"product","2":"type-product","3":"status-publish","4":"has-post-thumbnail","6":"product_cat-labelprinters","7":"product_tag-1403","8":"product_shipping_class-mp","9":"pa_gtin-4014","10":"pa_merk-brother","12":"first","13":"instock","14":"taxable","15":"shipping-taxable","16":"purchasable","17":"product-type-simple"},"supplier_id":null,"supplier_sku":"","barcode":null,"atum_controlled":true,"out_stock_date":null,"out_stock_threshold":null,"inheritable":false,"inbound_stock":null,"stock_on_hold":0,"sold_today":0,"sales_last_days":0,"reserved_stock":null,"customer_returns":null,"warehouse_damage":null,"lost_in_post":null,"other_logs":null,"out_stock_days":0,"lost_sales":0,"has_location":false,"update_date":"2025-11-18T12:31:31","atum_locations":[],"atum_stock_status":"instock","restock_status":false,"low_stock_amount":"","sales_update_date":"2025-11-18T12:31:31","calc_backorders":null,"jetpack_sharing_enabled":true,"_links":{"self":[{"href":"https:\/\/www.ictdokterzwolle.nl\/shop\/wp-json\/wp\/v2\/product\/20428","targetHints":{"allow":["GET"]}}],"collection":[{"href":"https:\/\/www.ictdokterzwolle.nl\/shop\/wp-json\/wp\/v2\/product"}],"about":[{"href":"https:\/\/www.ictdokterzwolle.nl\/shop\/wp-json\/wp\/v2\/types\/product"}],"replies":[{"embeddable":true,"href":"https:\/\/www.ictdokterzwolle.nl\/shop\/wp-json\/wp\/v2\/comments?post=20428"}],"wp:featuredmedia":[{"embeddable":true,"href":"https:\/\/www.ictdokterzwolle.nl\/shop\/wp-json\/wp\/v2\/media\/20429"}],"wp:attachment":[{"href":"https:\/\/www.ictdokterzwolle.nl\/shop\/wp-json\/wp\/v2\/media?parent=20428"}],"wp:term":[{"taxonomy":"product_brand","embeddable":true,"href":"https:\/\/www.ictdokterzwolle.nl\/shop\/wp-json\/wp\/v2\/product_brand?post=20428"},{"taxonomy":"product_cat","embeddable":true,"href":"https:\/\/www.ictdokterzwolle.nl\/shop\/wp-json\/wp\/v2\/product_cat?post=20428"},{"taxonomy":"product_tag","embeddable":true,"href":"https:\/\/www.ictdokterzwolle.nl\/shop\/wp-json\/wp\/v2\/product_tag?post=20428"}],"curies":[{"name":"wp","href":"https:\/\/api.w.org\/{rel}","templated":true}]}}