{"id":20209,"date":"2024-09-24T11:11:13","date_gmt":"2024-09-24T11:11:13","guid":{"rendered":"https:\/\/www.ictdokterzwolle.nl\/shop\/?post_type=product&#038;p=20209"},"modified":"2025-05-26T12:23:18","modified_gmt":"2025-05-26T12:23:18","slug":"canon-pixma-ts7451i-inkjetprinter","status":"publish","type":"product","link":"https:\/\/www.ictdokterzwolle.nl\/shop\/product\/canon-pixma-ts7451i-inkjetprinter\/","title":{"rendered":"Canon PIXMA TS7451i Inkjetprinter"},"content":{"rendered":"<table class=\"popularSpecs\">\n<thead>\n<tr>\n<th colspan=\"2\">\n<h3 class=\"toggleBtn bar right\">Populaire specificaties<\/h3>\n<\/th>\n<\/tr>\n<\/thead>\n<tbody class=\"toggleContent\">\n<tr>\n<td class=\"spec-label\">All-in-one printer<\/td>\n<td class=\"spec\">Ja (ADF)<\/td>\n<\/tr>\n<tr>\n<td class=\"spec-label\">Printertype<\/td>\n<td class=\"spec\">Inkjet<\/td>\n<\/tr>\n<tr>\n<td class=\"spec-label\">Overige printerfuncties<\/td>\n<td class=\"spec\">Automatisch documentinvoer, Dubbelzijdig kopi\u00ebren (automatisch), Dubbelzijdig printen (automatisch), Dubbelzijdig scannen (automatisch), Fax, Kopi\u00ebren, Scannen<\/td>\n<\/tr>\n<tr>\n<td class=\"spec-label\">Printkleur<\/td>\n<td class=\"spec\">Kleur<\/td>\n<\/tr>\n<tr>\n<td class=\"spec-label\">Verbinding (printer)<\/td>\n<td class=\"spec\">802.11b, 802.11g, Wi-Fi 4 (802.11n)<\/td>\n<\/tr>\n<tr>\n<td class=\"spec-label\">Printsnelheid Zwart (ISO)<\/td>\n<td class=\"spec\">13ppm<\/td>\n<\/tr>\n<\/tbody>\n<\/table>\n<div class=\"toggleSpecsContainer\"><a class=\"toggleSpecs\">Alles\u00a0<span class=\"close\">sluiten<\/span><\/a><\/div>\n<table class=\"toggleable\">\n<thead>\n<tr>\n<th colspan=\"2\">\n<h3 class=\"toggleBtn bar right\">Techniek en functies<\/h3>\n<\/th>\n<\/tr>\n<\/thead>\n<tbody class=\"toggleContent\">\n<tr>\n<td class=\"spec-label\">All-in-one printer<\/td>\n<td class=\"spec\">Ja (ADF)<\/td>\n<\/tr>\n<tr>\n<td class=\"spec-label\">Printertype<\/td>\n<td class=\"spec\">Inkjet<\/td>\n<\/tr>\n<tr>\n<td class=\"spec-label\">Overige printerfuncties<\/td>\n<td class=\"spec\">Automatisch documentinvoer, Dubbelzijdig kopi\u00ebren (automatisch), Dubbelzijdig printen (automatisch), Dubbelzijdig scannen (automatisch), Fax, Kopi\u00ebren, Scannen<\/td>\n<\/tr>\n<tr>\n<td class=\"spec-label\">Printkleur<\/td>\n<td class=\"spec\">Kleur<\/td>\n<\/tr>\n<\/tbody>\n<\/table>\n<table class=\"toggleable\">\n<thead>\n<tr>\n<th colspan=\"2\">\n<h3 class=\"toggleBtn bar right\">Printer &#8211; snelheid<\/h3>\n<\/th>\n<\/tr>\n<\/thead>\n<tbody class=\"toggleContent\">\n<tr>\n<td class=\"spec-label\">Printsnelheid Zwart (ISO)<\/td>\n<td class=\"spec\">13ppm<\/td>\n<\/tr>\n<tr>\n<td class=\"spec-label\">Printsnelheid Kleur (ISO)<\/td>\n<td class=\"spec\">6,8ppm<\/td>\n<\/tr>\n<\/tbody>\n<\/table>\n<table class=\"toggleable\">\n<thead>\n<tr>\n<th colspan=\"2\">\n<h3 class=\"toggleBtn bar right\">Printer &#8211; resolutie<\/h3>\n<\/th>\n<\/tr>\n<\/thead>\n<tbody class=\"toggleContent\">\n<tr>\n<td class=\"spec-label\">Printresolutie (horizontaal)<\/td>\n<td class=\"spec\">1200 dpi<\/td>\n<\/tr>\n<tr>\n<td class=\"spec-label\">Printresolutie (verticaal)<\/td>\n<td class=\"spec\">4800 dpi<\/td>\n<\/tr>\n<\/tbody>\n<\/table>\n<table class=\"toggleable\">\n<thead>\n<tr>\n<th colspan=\"2\">\n<h3 class=\"toggleBtn bar right\">Scanner &#8211; resolutie<\/h3>\n<\/th>\n<\/tr>\n<\/thead>\n<tbody class=\"toggleContent\">\n<tr>\n<td class=\"spec-label\">Scanresolutie (horizontaal)<\/td>\n<td class=\"spec\">1200 dpi<\/td>\n<\/tr>\n<tr>\n<td class=\"spec-label\">Scanresolutie (verticaal)<\/td>\n<td class=\"spec\">2400 dpi<\/td>\n<\/tr>\n<\/tbody>\n<\/table>\n<table class=\"toggleable\">\n<thead>\n<tr>\n<th colspan=\"2\">\n<h3 class=\"toggleBtn bar right\">Verbindingen<\/h3>\n<\/th>\n<\/tr>\n<\/thead>\n<tbody class=\"toggleContent\">\n<tr>\n<td class=\"spec-label\">Verbinding (printer)<\/td>\n<td class=\"spec\">802.11b, 802.11g, Wi-Fi 4 (802.11n)<\/td>\n<\/tr>\n<tr>\n<td class=\"spec-label\">WiFi onboard<\/td>\n<td class=\"spec\"><span class=\"sprite boolTrue\">Ja<\/span><\/td>\n<\/tr>\n<\/tbody>\n<\/table>\n<table class=\"toggleable\">\n<thead>\n<tr>\n<th colspan=\"2\">\n<h3 class=\"toggleBtn bar right\">Eigenschappen<\/h3>\n<\/th>\n<\/tr>\n<\/thead>\n<tbody class=\"toggleContent\">\n<tr>\n<td class=\"spec-label\">Schermdiagonaal<\/p>\n<h4>Schermdiagonaal<\/h4>\n<p>De schermdiagonaal is de schermmaat gemeten van linksonder naar rechtsboven en uitgedrukt in inches (&#8220;), 1 inch staat voor 2,54 cm.<\/td>\n<td class=\"spec\">1,44&#8243;<\/td>\n<\/tr>\n<\/tbody>\n<\/table>\n<table class=\"toggleable\">\n<thead>\n<tr>\n<th colspan=\"2\">\n<h3 class=\"toggleBtn bar right\">Printspecificaties<\/h3>\n<\/th>\n<\/tr>\n<\/thead>\n<tbody class=\"toggleContent\">\n<tr>\n<td class=\"spec-label\">Papierformaat<\/td>\n<td class=\"spec\">A4, A5, B5<\/td>\n<\/tr>\n<tr>\n<td class=\"spec-label\">Aantal papierlades<\/td>\n<td class=\"spec\">1x<\/td>\n<\/tr>\n<\/tbody>\n<\/table>\n<table class=\"toggleable\">\n<thead>\n<tr>\n<th colspan=\"2\">\n<h3 class=\"toggleBtn bar right\">Printservices<\/h3>\n<\/th>\n<\/tr>\n<\/thead>\n<tbody class=\"toggleContent\">\n<tr>\n<td class=\"spec-label\">Printservices<\/td>\n<td class=\"spec\">Apple AirPrint, Canon Pixma Cloud Link, Mopria Print Service<\/td>\n<\/tr>\n<\/tbody>\n<\/table>\n<table class=\"toggleable\">\n<thead>\n<tr>\n<th colspan=\"2\">\n<h3 class=\"toggleBtn bar right\">Afmetingen<\/h3>\n<\/th>\n<\/tr>\n<\/thead>\n<tbody class=\"toggleContent\">\n<tr>\n<td class=\"spec-label\">Hoogte<\/td>\n<td class=\"spec\">206mm<\/td>\n<\/tr>\n<tr>\n<td class=\"spec-label\">Breedte<\/td>\n<td class=\"spec\">403mm<\/td>\n<\/tr>\n<tr>\n<td class=\"spec-label\">Diepte<\/td>\n<td class=\"spec\">364mm<\/td>\n<\/tr>\n<\/tbody>\n<\/table>\n<table class=\"toggleable\">\n<thead>\n<tr>\n<th colspan=\"2\">\n<h3 class=\"toggleBtn bar right\">Gewicht en kleur<\/h3>\n<\/th>\n<\/tr>\n<\/thead>\n<tbody class=\"toggleContent\">\n<tr>\n<td class=\"spec-label\">Gewicht<\/td>\n<td class=\"spec\">8,2kg<\/td>\n<\/tr>\n<tr>\n<td class=\"spec-label\">Kleur<\/td>\n<td class=\"spec\">Wit<\/td>\n<\/tr>\n<\/tbody>\n<\/table>\n","protected":false},"excerpt":{"rendered":"<h2 class=\"heading heading-h2 heading-blue\">Productbeschrijving<\/h2>\n<div>\n<h2>Canon PIXMA TS7451i Inkjetprinter kopen?<\/h2>\n<p>Ben je op zoek naar een betrouwbare en veelzijdige printer voor thuisgebruik? De Canon PIXMA TS7451i inkjetprinter is een uitstekende keuze. Deze printer biedt hoogwaardige afdrukken, scans en kopie\u00ebn, allemaal in \u00e9\u00e9n compact apparaat. Of je nu documenten wilt afdrukken voor werk of school, of prachtige foto&#8217;s wilt printen, met de Canon PIXMA TS7451i all-in-one printer is het mogelijk.<\/p>\n<h2>Specificaties van de Canon PIXMA TS7451i Inkjetprinter<\/h2>\n<p>De Canon PIXMA TS7451i is uitgerust met geavanceerde technologie\u00ebn die zorgen voor scherpe afdrukken. Met een maximale afdrukresolutie van 4800 x 1200 dpi kun je genieten van haarscherpe details en levendige kleuren. De printer maakt gebruik van een 5-kleuren inktsysteem, inclusief pigment zwarte inkt voor scherpe tekst en dye-based inkten voor levensechte kleuren. Dankzij de automatische dubbelzijdige afdrukfunctie bespaar je papier en tijd. Bovendien is de Canon PIXMA TS7451i uitgerust met draadloze connectiviteit, waardoor je eenvoudig kunt printen vanaf je smartphone, tablet of laptop.<\/p>\n<\/div>\n<h2 class=\"heading heading-h2 heading-blue\">In de doos<\/h2>\n<p>Met deze printer worden onderstaande onderdelen standaard meegeleverd:<\/p>\n<div class=\"p1ohi5eu pnzgun\">\n<div class=\"pzu3r31\">\n<div class=\"row\">\n<div class=\"small-12 columns\">\n<table class=\"pvb91jv\">\n<tbody>\n<tr class=\"pe715s5\">\n<td class=\"pc36xs9 p1hsqivc\">Cartridges<\/td>\n<td class=\"pc36xs9\">Ja, met starterscapaciteit<\/td>\n<\/tr>\n<tr class=\"pe715s5\">\n<td class=\"pc36xs9 p1hsqivc\">Handleiding<\/td>\n<td class=\"pc36xs9\">Ja<\/td>\n<\/tr>\n<tr class=\"pe715s5\">\n<td class=\"pc36xs9 p1hsqivc\">Netwerkkabel<\/td>\n<td class=\"pc36xs9\">Nee<\/td>\n<\/tr>\n<tr class=\"pe715s5\">\n<td class=\"pc36xs9 p1hsqivc\">Netsnoer<\/td>\n<td class=\"pc36xs9\">Ja<\/td>\n<\/tr>\n<tr class=\"pe715s5\">\n<td class=\"pc36xs9 p1hsqivc\">USB kabel<\/td>\n<td class=\"pc36xs9\">Nee<\/td>\n<\/tr>\n<\/tbody>\n<\/table>\n<\/div>\n<\/div>\n<\/div>\n<\/div>\n","protected":false},"featured_media":20210,"comment_status":"open","ping_status":"closed","template":"","meta":[],"product_brand":[],"product_cat":[3921,1863],"product_tag":[3911],"class_list":{"0":"post-20209","1":"product","2":"type-product","3":"status-publish","4":"has-post-thumbnail","6":"product_cat-canon-inktjet-printers","7":"product_cat-inktjet-printers","8":"product_tag-3911","9":"product_shipping_class-mp","10":"pa_gtin-3946","11":"pa_merk-canon","13":"first","14":"instock","15":"taxable","16":"shipping-taxable","17":"purchasable","18":"product-type-simple"},"supplier_id":null,"supplier_sku":"","barcode":null,"atum_controlled":true,"out_stock_date":null,"out_stock_threshold":null,"inheritable":false,"inbound_stock":null,"stock_on_hold":0,"sold_today":0,"sales_last_days":0,"reserved_stock":null,"customer_returns":null,"warehouse_damage":null,"lost_in_post":null,"other_logs":null,"out_stock_days":0,"lost_sales":0,"has_location":false,"update_date":"2025-11-18T12:32:10","atum_locations":[],"atum_stock_status":"instock","restock_status":false,"low_stock_amount":"","sales_update_date":"2025-11-18T12:32:10","calc_backorders":null,"jetpack_sharing_enabled":true,"_links":{"self":[{"href":"https:\/\/www.ictdokterzwolle.nl\/shop\/wp-json\/wp\/v2\/product\/20209","targetHints":{"allow":["GET"]}}],"collection":[{"href":"https:\/\/www.ictdokterzwolle.nl\/shop\/wp-json\/wp\/v2\/product"}],"about":[{"href":"https:\/\/www.ictdokterzwolle.nl\/shop\/wp-json\/wp\/v2\/types\/product"}],"replies":[{"embeddable":true,"href":"https:\/\/www.ictdokterzwolle.nl\/shop\/wp-json\/wp\/v2\/comments?post=20209"}],"wp:featuredmedia":[{"embeddable":true,"href":"https:\/\/www.ictdokterzwolle.nl\/shop\/wp-json\/wp\/v2\/media\/20210"}],"wp:attachment":[{"href":"https:\/\/www.ictdokterzwolle.nl\/shop\/wp-json\/wp\/v2\/media?parent=20209"}],"wp:term":[{"taxonomy":"product_brand","embeddable":true,"href":"https:\/\/www.ictdokterzwolle.nl\/shop\/wp-json\/wp\/v2\/product_brand?post=20209"},{"taxonomy":"product_cat","embeddable":true,"href":"https:\/\/www.ictdokterzwolle.nl\/shop\/wp-json\/wp\/v2\/product_cat?post=20209"},{"taxonomy":"product_tag","embeddable":true,"href":"https:\/\/www.ictdokterzwolle.nl\/shop\/wp-json\/wp\/v2\/product_tag?post=20209"}],"curies":[{"name":"wp","href":"https:\/\/api.w.org\/{rel}","templated":true}]}}