{"id":15779,"date":"2023-03-20T11:41:42","date_gmt":"2023-03-20T11:41:42","guid":{"rendered":"https:\/\/www.ictdokterzwolle.nl\/shop\/?post_type=product&#038;p=15779"},"modified":"2026-04-14T10:13:16","modified_gmt":"2026-04-14T10:13:16","slug":"terra-pc-business-5000-compact-i5-w11-pro-8gb-500gb-ssd","status":"publish","type":"product","link":"https:\/\/www.ictdokterzwolle.nl\/shop\/product\/terra-pc-business-5000-compact-i5-w11-pro-8gb-500gb-ssd\/","title":{"rendered":"TERRA PC-Business 5000 Compact i5-12400T\/W11 Pro\/8GB\/500GB SSD"},"content":{"rendered":"<table id=\"ctl00_ctl00_ctl00_SiteContent_SiteContent_SiteContent_articleFeatureDisplayDetails_gridViewProductAttributes\" class=\"table table-condensed\" border=\"0\" cellspacing=\"0\">\n<tbody>\n<tr>\n<td><strong>Algemeen<\/strong><\/td>\n<\/tr>\n<tr>\n<td class=\"col-xs-3\">Processormodel<\/td>\n<td>Intel Core i5 (12. Gen.) 12400T \/ 1.8 GHz max. 4.2 GHz Intel Turbo Boost Technology, 18 MB Intel Smart Cache<\/td>\n<\/tr>\n<tr>\n<td class=\"col-xs-3\">Besturingssysteem<\/td>\n<td>Windows 11 Pro<\/td>\n<\/tr>\n<tr>\n<td class=\"col-xs-3\"><\/td>\n<td><strong>Software<\/strong><\/td>\n<\/tr>\n<tr>\n<td class=\"col-xs-3\">Voorge\u00efnstalleerde software<\/td>\n<td>30 Dagen testversie voor Microsoft\u00ae 365 nieuwe klanten. 1 maand gratis testversie voor nieuwe Microsoft\u00ae Office 365 klanten<\/td>\n<\/tr>\n<tr>\n<td class=\"col-xs-3\"><\/td>\n<td><strong>Processor<\/strong><\/td>\n<\/tr>\n<tr>\n<td class=\"col-xs-3\">Processorfamilie<\/td>\n<td>Core i5<\/td>\n<\/tr>\n<tr>\n<td class=\"col-xs-3\">Aantal processorkernen<\/td>\n<td>Hexa-Core (6 Cores)<\/td>\n<\/tr>\n<tr>\n<td class=\"col-xs-3\">Processor socket<\/td>\n<td>FCLGA1700 Socket<\/td>\n<\/tr>\n<tr>\n<td class=\"col-xs-3\"><\/td>\n<td><strong>Geheugen<\/strong><\/td>\n<\/tr>\n<tr>\n<td class=\"col-xs-3\">Intern geheugen<\/td>\n<td>8 GB<\/td>\n<\/tr>\n<tr>\n<td class=\"col-xs-3\">Geheugenlayout<\/td>\n<td>1 x 8 GB<\/td>\n<\/tr>\n<tr>\n<td class=\"col-xs-3\">Maximum intern geheugen<\/td>\n<td>64 GB<\/td>\n<\/tr>\n<tr>\n<td class=\"col-xs-3\">Kloksnelheid geheugen<\/td>\n<td>3200 MHz<\/td>\n<\/tr>\n<tr>\n<td class=\"col-xs-3\">Intern geheugentype<\/td>\n<td>DDR4 SDRAM<\/td>\n<\/tr>\n<tr>\n<td class=\"col-xs-3\">Geheugenslots<\/td>\n<td>2<\/td>\n<\/tr>\n<tr>\n<td class=\"col-xs-3\">Geheugen form factor<\/td>\n<td>DIMM 288-PIN<\/td>\n<\/tr>\n<tr>\n<td class=\"col-xs-3\"><\/td>\n<td><strong>Opslagmedia<\/strong><\/td>\n<\/tr>\n<tr>\n<td class=\"col-xs-3\">Totale opslagcapaciteit<\/td>\n<td>500 GB<\/td>\n<\/tr>\n<tr>\n<td class=\"col-xs-3\">HDD interface<\/td>\n<td>1x M.2 slot (Key M), type 2260\/2280 (supports PCIe 3.0 x4 mode)<br \/>\n4x SATA 6Gb\/s connectors<\/td>\n<\/tr>\n<tr>\n<td class=\"col-xs-3\">Soorten RAID<\/td>\n<td>Ondersteund geen Raid.<\/td>\n<\/tr>\n<tr>\n<td class=\"col-xs-3\">SSD interfaces<\/td>\n<td>PCIe (NVMe)<\/td>\n<\/tr>\n<tr>\n<td class=\"col-xs-3\">SSD capaciteit<\/td>\n<td>500 GB<\/td>\n<\/tr>\n<tr>\n<td class=\"col-xs-3\">HDD capaciteit<\/td>\n<td>1 x 500 GB &#8211; SSD<\/td>\n<\/tr>\n<tr>\n<td class=\"col-xs-3\">Opslagmedia<\/td>\n<td>SSD M.2<\/td>\n<\/tr>\n<tr>\n<td class=\"col-xs-3\"><\/td>\n<td><strong>Prestatie<\/strong><\/td>\n<\/tr>\n<tr>\n<td class=\"col-xs-3\">Markt positionering<\/td>\n<td>Business &#8211; Mini-ITX<\/td>\n<\/tr>\n<tr>\n<td class=\"col-xs-3\">Type product<\/td>\n<td>Personal-Computer<\/td>\n<\/tr>\n<tr>\n<td class=\"col-xs-3\">Geluidsniveau<\/td>\n<td>25.4 dB(A) im Operation Office-Mode zonder ODD gebruik<\/td>\n<\/tr>\n<tr>\n<td class=\"col-xs-3\">Audio-uitgangskanalen<\/td>\n<td>8 kanalen<\/td>\n<\/tr>\n<tr>\n<td class=\"col-xs-3\">Chipset moederbord<\/td>\n<td>Intel H610<\/td>\n<\/tr>\n<tr>\n<td class=\"col-xs-3\">Audiosysteem<\/td>\n<td>High definition audio<\/td>\n<\/tr>\n<tr>\n<td class=\"col-xs-3\"><\/td>\n<td><strong>Design<\/strong><\/td>\n<\/tr>\n<tr>\n<td class=\"col-xs-3\">Type behuizing<\/td>\n<td>Mini ITX<\/td>\n<\/tr>\n<tr>\n<td class=\"col-xs-3\">Certificering<\/td>\n<td>Assemblierung volgens ISO9001 in Duitsland<br \/>\nCompatibility: SMBios (DMI), EnergyStar (Valid only for U.S.), EN62368-1, EN55032, EN55035, EN61000-3-2\/3, EN62623, 89\/336\/ECC<\/td>\n<\/tr>\n<tr>\n<td class=\"col-xs-3\">Toetsenbord formaat<\/td>\n<td>Optioneel. Geen toetsenbord inbegrepen.<\/td>\n<\/tr>\n<tr>\n<td class=\"col-xs-3\"><\/td>\n<td><strong>Toetsenbord<\/strong><\/td>\n<\/tr>\n<tr>\n<td class=\"col-xs-3\">Taal toetsenbord<\/td>\n<td>optioneel<\/td>\n<\/tr>\n<tr>\n<td class=\"col-xs-3\">Aansluiting<\/td>\n<td>USB<br \/>\nPS\/2<\/td>\n<\/tr>\n<tr>\n<td class=\"col-xs-3\"><\/td>\n<td><strong>Technische details<\/strong><\/td>\n<\/tr>\n<tr>\n<td class=\"col-xs-3\">Land<\/td>\n<td>International<\/td>\n<\/tr>\n<tr>\n<td class=\"col-xs-3\"><\/td>\n<td><strong>Inhoud van de verpakking<\/strong><\/td>\n<\/tr>\n<tr>\n<td class=\"col-xs-3\">Meegeleverde accessoires<\/td>\n<td>Quick Start Guide, kabel EU<\/td>\n<\/tr>\n<tr>\n<td class=\"col-xs-3\">Taal toetsenbord<\/td>\n<td>Optioneel. Geen toetsenbord inbegrepen.<\/td>\n<\/tr>\n<tr>\n<td class=\"col-xs-3\"><\/td>\n<td><strong>Gewicht en omvang<\/strong><\/td>\n<\/tr>\n<tr>\n<td class=\"col-xs-3\">Hoogte<\/td>\n<td>8.8<\/td>\n<\/tr>\n<tr>\n<td class=\"col-xs-3\">Breedte<\/td>\n<td>25.4<\/td>\n<\/tr>\n<tr>\n<td class=\"col-xs-3\">Diepte<\/td>\n<td>21.9<\/td>\n<\/tr>\n<tr>\n<td class=\"col-xs-3\">Gewicht<\/td>\n<td>3.5 kg<\/td>\n<\/tr>\n<tr>\n<td class=\"col-xs-3\"><\/td>\n<td><strong>Overige specificaties<\/strong><\/td>\n<\/tr>\n<tr>\n<td class=\"col-xs-3\">Aantal drive bays<\/td>\n<td>1 voor toegankelijk &#8211; 13.3 cm (5.25&#8243;) slim format 1 intern &#8211; 6.35 cm (2,5&#8243;)<\/td>\n<\/tr>\n<tr>\n<td class=\"col-xs-3\">Interface<\/td>\n<td>2x USB 3.2 Gen 2 ports*, 4 x USB 3.2 Gen1 ports* (2x voorzijde), 4x USB 2.0 ports*<br \/>\n*(Type-A)<br \/>\n1x HDMI 2.1, 1x Display port 1.4, 1x VGA, 1x RJ45, 3x Audio jacks, 1x PS\/2<br \/>\nOptioneel: 1x COM, 1x TPM SPI<\/td>\n<\/tr>\n<tr>\n<td class=\"col-xs-3\">Compatibele besturingssystemen<\/td>\n<td>Windows 10, Windows 11<\/td>\n<\/tr>\n<tr>\n<td class=\"col-xs-3\">Merk moederbord<\/td>\n<td>ASUS PRIME H610I-PLUS D4 CSM<br \/>\n24-7 ready<\/td>\n<\/tr>\n<tr>\n<td class=\"col-xs-3\">Voldoet aan industriestandaarden<\/td>\n<td>Dieses Ger\u00e4t wird als informationstechnische Einrichtung (ITE) der Klasse B eingestuft und ist haupts\u00e4chlich f\u00fcr den Betrieb im Wohn- und B\u00fcrobereich vorgesehen. Durch das CE-Zeichen wird die Konformit\u00e4t mit den folgenden EU-Richtlinien best\u00e4tigt: (1) EMV-Richtlinie 2004\/108\/EG Elektromagnetische Vertr\u00e4glichkeit (2) Niederspannungsrichtlinie 2006\/95\/EG Elektrische Betriebsmittel zur Verwendung innerhalb bestimmter Spannungsgrenzen.<\/td>\n<\/tr>\n<tr>\n<td class=\"col-xs-3\">Speciale eigenschappen<\/td>\n<td>TPM 2.0<br \/>\nSecure Boot<br \/>\n2x USB 3.2 Gen1 Typ A + Audio in Front<\/td>\n<\/tr>\n<tr>\n<td class=\"col-xs-3\"><\/td>\n<td><strong>Muis<\/strong><\/td>\n<\/tr>\n<tr>\n<td class=\"col-xs-3\">Inclusief muis<\/td>\n<td>TERRA Wheel optical by Cherry<\/td>\n<\/tr>\n<tr>\n<td class=\"col-xs-3\"><\/td>\n<td><strong>Grafisch<\/strong><\/td>\n<\/tr>\n<tr>\n<td class=\"col-xs-3\">Geheugen ingebouwde grafische adapter<\/td>\n<td>Dynamisch<\/td>\n<\/tr>\n<tr>\n<td class=\"col-xs-3\">Maximale resolutie ingebouwde grafische adapter<\/td>\n<td>HDMI 4K @60Hz<br \/>\nDP 4K @60Hz<br \/>\nVGA 1920&#215;1200<\/td>\n<\/tr>\n<tr>\n<td class=\"col-xs-3\">Grafische adapter<\/td>\n<td>Intel UHD Graphics 730<\/td>\n<\/tr>\n<tr>\n<td class=\"col-xs-3\">On-board graphics adapter model<\/td>\n<td>Intel UHD Graphics 730<\/td>\n<\/tr>\n<tr>\n<td class=\"col-xs-3\">Aantal displayports grafische adapter<\/td>\n<td>1x HDMI, 1x DP (Display Port), 1x VGA<br \/>\nondersteunt Triple monitoring<\/td>\n<\/tr>\n<tr>\n<td class=\"col-xs-3\"><\/td>\n<td><strong>Energie<\/strong><\/td>\n<\/tr>\n<tr>\n<td class=\"col-xs-3\">Stroombron<\/td>\n<td>Flex ATX voeding 80 Plus Gold, geschikt voor 24-7 gebruik<br \/>\nEfficiency 87% (Full Load 100%) \/ 90% (Typical Load 50%) \/ 87% (Light Load 20%)<\/td>\n<\/tr>\n<tr>\n<td class=\"col-xs-3\">Stroomverbruik (in standby)<\/td>\n<td>\u00d8 0.9 Watt (S3 Mode, Suspend to RAM, WOL aktiviert)<br \/>\n0,30 Watt Soft off (S5 Mode)<\/td>\n<\/tr>\n<tr>\n<td class=\"col-xs-3\">Maximaal ingangsvermogen<\/td>\n<td>300 W<\/td>\n<\/tr>\n<tr>\n<td class=\"col-xs-3\">Voeding<\/td>\n<td>\u00d8 15 Watt Long Idle-Mode<br \/>\n\u00d8 70 kWh per jaar (TEC = Typical Energy Consumption)<br \/>\nVoor verdere informatie ga je naar www.wortmann.de\/green en\/of in de Quicklinks van dit product (indien beschikbaar)<\/td>\n<\/tr>\n<tr>\n<td class=\"col-xs-3\">AC-adapter ingangsspanning<\/td>\n<td>Wisselstroom 100\/240 V ( 50\/60 Hz )<\/td>\n<\/tr>\n<tr>\n<td class=\"col-xs-3\"><\/td>\n<td><strong>Eisen aan de omgeving<\/strong><\/td>\n<\/tr>\n<tr>\n<td class=\"col-xs-3\">Bedrijfstemperatuur (T-T)<\/td>\n<td>5 \u00b0C &#8211; 35 \u00b0C<\/td>\n<\/tr>\n<tr>\n<td class=\"col-xs-3\">Aanbevolen relatieve luchtvochtigheid bij gebruik<\/td>\n<td>10-75% (niet condenserend )<\/td>\n<\/tr>\n<tr>\n<td class=\"col-xs-3\"><\/td>\n<td><strong>Netwerk<\/strong><\/td>\n<\/tr>\n<tr>\n<td class=\"col-xs-3\">Ethernet LAN<\/td>\n<td>RJ45<\/td>\n<\/tr>\n<tr>\n<td class=\"col-xs-3\">LAN controller<\/td>\n<td>Realtek RTL8111F, WOL\/PXE<\/td>\n<\/tr>\n<tr>\n<td class=\"col-xs-3\">Datalink-protocollen<\/td>\n<td>Ethernet<br \/>\nFast Ethernet<br \/>\nGigabit Ethernet<\/td>\n<\/tr>\n<tr>\n<td class=\"col-xs-3\"><\/td>\n<td><strong>Optische drive<\/strong><\/td>\n<\/tr>\n<tr>\n<td class=\"col-xs-3\">Soort optische drive<\/td>\n<td>Slim DVD\u00b1RW \/ \u00b1R<\/td>\n<\/tr>\n<\/tbody>\n<\/table>\n","protected":false},"excerpt":{"rendered":"<p>TERRA Mini-ITX PC met Intel Core\u2122 i5 processor van de 12te generatie en snel M.2- PCIe SSD opslagmedium. Plaat besparend en op prestaties gericht in kleine Mini-ITX format (~ 5 liter volume). Perfect geschikt voor werkomstandigheden waar weinig plek is, en waar op prestaties niet ingeleverd mag worden.<\/p>\n<p>Naast het product is er ook een mogelijkheid om de\u00a0<a href=\"https:\/\/www.ictdokterzwolle.nl\/shop\/product\/connect-en-go\/\">Connect &amp; Go<\/a>\u00a0en\u00a0<a href=\"https:\/\/www.ictdokterzwolle.nl\/shop\/product\/geen-zorgen-service\/\">\u2018Geen zorgen\u2019 Service\u00a0<\/a>\u00a0aan je bestelling toe te voegen. Klik op de linkjes voor meer uitleg<\/p>\n","protected":false},"featured_media":15781,"comment_status":"open","ping_status":"closed","template":"","meta":[],"product_brand":[],"product_cat":[55],"product_tag":[3461],"class_list":{"0":"post-15779","1":"product","2":"type-product","3":"status-publish","4":"has-post-thumbnail","6":"product_cat-desktop_pc","7":"product_tag-3461","8":"product_shipping_class-mp","9":"pa_gtin-3460","10":"pa_merk-terra","12":"first","13":"instock","14":"taxable","15":"shipping-taxable","16":"purchasable","17":"product-type-simple"},"supplier_id":null,"supplier_sku":"","barcode":null,"atum_controlled":true,"out_stock_date":null,"out_stock_threshold":null,"inheritable":false,"inbound_stock":null,"stock_on_hold":null,"sold_today":null,"sales_last_days":null,"reserved_stock":null,"customer_returns":null,"warehouse_damage":null,"lost_in_post":null,"other_logs":null,"out_stock_days":null,"lost_sales":null,"has_location":false,"update_date":"2026-04-14T10:13:16","atum_locations":[],"atum_stock_status":"instock","restock_status":false,"low_stock_amount":"","sales_update_date":"2022-07-18T05:43:12","calc_backorders":null,"jetpack_sharing_enabled":true,"_links":{"self":[{"href":"https:\/\/www.ictdokterzwolle.nl\/shop\/wp-json\/wp\/v2\/product\/15779","targetHints":{"allow":["GET"]}}],"collection":[{"href":"https:\/\/www.ictdokterzwolle.nl\/shop\/wp-json\/wp\/v2\/product"}],"about":[{"href":"https:\/\/www.ictdokterzwolle.nl\/shop\/wp-json\/wp\/v2\/types\/product"}],"replies":[{"embeddable":true,"href":"https:\/\/www.ictdokterzwolle.nl\/shop\/wp-json\/wp\/v2\/comments?post=15779"}],"wp:featuredmedia":[{"embeddable":true,"href":"https:\/\/www.ictdokterzwolle.nl\/shop\/wp-json\/wp\/v2\/media\/15781"}],"wp:attachment":[{"href":"https:\/\/www.ictdokterzwolle.nl\/shop\/wp-json\/wp\/v2\/media?parent=15779"}],"wp:term":[{"taxonomy":"product_brand","embeddable":true,"href":"https:\/\/www.ictdokterzwolle.nl\/shop\/wp-json\/wp\/v2\/product_brand?post=15779"},{"taxonomy":"product_cat","embeddable":true,"href":"https:\/\/www.ictdokterzwolle.nl\/shop\/wp-json\/wp\/v2\/product_cat?post=15779"},{"taxonomy":"product_tag","embeddable":true,"href":"https:\/\/www.ictdokterzwolle.nl\/shop\/wp-json\/wp\/v2\/product_tag?post=15779"}],"curies":[{"name":"wp","href":"https:\/\/api.w.org\/{rel}","templated":true}]}}