{"id":1279,"date":"2018-10-21T12:49:33","date_gmt":"2018-10-21T12:49:33","guid":{"rendered":"https:\/\/www.ictdokterzwolle.nl\/shop\/?post_type=product&#038;p=1279"},"modified":"2021-10-07T10:00:39","modified_gmt":"2021-10-07T10:00:39","slug":"windows-10-pro","status":"publish","type":"product","link":"https:\/\/www.ictdokterzwolle.nl\/shop\/product\/windows-10-pro\/","title":{"rendered":"Windows 10 Pro"},"content":{"rendered":"<p>Digitale Download, Directe levering via E-mail, Speciale Aanbiedingen Wij geven 100% garantie op onze licenties.<\/p>\n<p>Alle functies van Windows 10 Home, plus belangrijke zakelijke functionaliteit voor codering, extern inloggen, het aanmaken van virtuele machines en meer.<\/p>\n<h2 class=\"c-heading\">Het werkt gewoon<\/h2>\n<div class=\"c-paragraph\">\n<p>Windows 10 combineert de Windows die je al zo goed kent en voegt daar fantastische verbeteringen aan toe. Met technologie\u00ebn zoals InstantGo<sup>1<\/sup>\u00a0kun je snel opstarten en doorgaan waar je gebleven was. Windows 10 heeft meer ingebouwde beveiligingsfuncties dan ooit tevoren om te helpen beschermen tegen kwaadaardige software.<\/p>\n<h2 class=\"c-heading\">Multi-doen<\/h2>\n<div class=\"c-paragraph\">\n<p>Multi-task als een professional met de mogelijkheid om vier dingen tegelijk op je scherm te laten verschijnen. Wordt het te druk op je scherm? Maak virtuele bureaubladen om meer ruimte te cre\u00ebren. Bovendien worden al je berichten en de belangrijkste instellingen verzameld op \u00e9\u00e9n gemakkelijk te bereiken scherm.<\/p>\n<h2 class=\"c-heading\">Microsoft Edge<\/h2>\n<div class=\"c-paragraph\">\n<p>Dit is de geheel nieuwe browser die is ontworpen om het web op jouw gebruik aan te passen. Schrijf of typ rechtstreeks op webpagina\u2019s en deel je markeringen met anderen. Je zult de leesweergave, die alle afleidingen weghaalt, zeker kunnen waarderen. Met de verbeterde adresbalk kun je dingen sneller opzoeken.<\/p>\n<h2 class=\"c-heading-4\">Vereisten<\/h2>\n<div class=\"c-structured-list\" data-grid=\"col-12 \">\n<ul class=\"f-column\">\n<li class=\"f-row\">\n<div data-grid=\"col-2 stack-2\">Vereiste processor<\/div>\n<div data-grid=\"col-10\">\n<div class=\"c-paragraph-2\">\n<p>1 GHz processor of sneller<\/p>\n<\/div>\n<\/div>\n<\/li>\n<li class=\"f-row\">\n<div data-grid=\"col-2 stack-2\">Vereist geheugen<\/div>\n<div data-grid=\"col-10\">\n<div class=\"c-paragraph-2\">\n<p>1 GB RAM voor 32-bits; 2 GB voor 64-bits<\/p>\n<\/div>\n<\/div>\n<\/li>\n<li class=\"f-row\">\n<div data-grid=\"col-2 stack-2\">Vereiste ruimte op de harde schijf<\/div>\n<div data-grid=\"col-10\">\n<div class=\"c-paragraph-2\">\n<p>Tot 20 GB beschikbare ruimte op de harde schijf<\/p>\n<\/div>\n<\/div>\n<\/li>\n<li class=\"f-row\">\n<div data-grid=\"col-2 stack-2\">Vereiste videokaart<\/div>\n<div data-grid=\"col-10\">\n<div class=\"c-paragraph-2\">\n<p>800 x 600 schermresolutie of hoger. DirectX\u00ae 9 grafische processor met WDDM-stuurprogramma<\/p>\n<\/div>\n<\/div>\n<\/li>\n<li class=\"f-row\">\n<div data-grid=\"col-2 stack-2\">Vereiste connectiviteit<\/div>\n<div data-grid=\"col-10\">\n<div class=\"c-paragraph-2\">\n<p>Internettoegang (mogelijk worden kosten in rekening gebracht)<\/p>\n<\/div>\n<\/div>\n<\/li>\n<li class=\"f-row\">\n<div data-grid=\"col-2 stack-2\">Overige systeemvereisten<\/div>\n<div data-grid=\"col-10\">\n<div class=\"c-paragraph-2\">\n<p>Voor sommige functies is een Microsoft-account nodig. Voor het bekijken van dvd\u2019s is afzonderlijke afspeelsoftware nodig<\/p>\n<\/div>\n<\/div>\n<\/li>\n<\/ul>\n<\/div>\n<\/div>\n<\/div>\n<\/div>\n","protected":false},"excerpt":{"rendered":"<h2 class=\"c-heading\">Zakelijke pasvorm<\/h2>\n<div class=\"c-paragraph\">\n<p><strong>Aansluiting bij je domein.<\/strong>\u00a0Je kunt verbinding tot stand brengen met het domein van je bedrijf of school of met Azure Active Directory voor het gebruik van netwerkbestanden, servers, printers en meer.<\/p>\n<p><strong>Verbeterde codering.<\/strong>\u00a0Voeg extra beveiliging toe met BitLocker om te helpen bij het beveiligen van je gegevens met codering en beveiligingsbeheer.<\/p>\n<p><strong>Extern inloggen.<\/strong>\u00a0Met Windows 10 log je in bij Extern bureaublad voor aanmelding bij en gebruik van je Pro-pc terwijl je thuis of onderweg bent.<\/p>\n<p><strong>Virtuele machines.<\/strong>\u00a0Cre\u00eber en run virtuele machines met Hyper-V, zodat je meer dan \u00e9\u00e9n besturingssysteem tegelijkertijd op dezelfde pc kunt uitvoeren.<\/p>\n<p><strong>Je apps in de Store.<\/strong>\u00a0Met Windows 10 maak je je eigen priv\u00e9-appgedeelte in de Windows Store aan voor handige toegang tot bedrijfstoepassingen<\/p>\n<\/div>\n","protected":false},"featured_media":1281,"comment_status":"open","ping_status":"closed","template":"","meta":[],"product_brand":[],"product_cat":[323],"product_tag":[330,849],"class_list":{"0":"post-1279","1":"product","2":"type-product","3":"status-publish","4":"has-post-thumbnail","6":"product_cat-microsoft-windows","7":"product_tag-330","8":"product_tag-w10_pro","9":"pa_merk-microsoft","10":"pa_merk-windows","12":"first","13":"instock","14":"sale","15":"downloadable","16":"virtual","17":"taxable","18":"purchasable","19":"product-type-simple"},"supplier_id":null,"supplier_sku":"","barcode":null,"atum_controlled":true,"out_stock_date":null,"out_stock_threshold":null,"inheritable":false,"inbound_stock":null,"stock_on_hold":0,"sold_today":0,"sales_last_days":0,"reserved_stock":null,"customer_returns":null,"warehouse_damage":null,"lost_in_post":null,"other_logs":null,"out_stock_days":0,"lost_sales":0,"has_location":false,"update_date":"2025-11-18T12:32:15","atum_locations":[],"atum_stock_status":"instock","restock_status":false,"low_stock_amount":"","sales_update_date":"2025-11-18T12:32:15","calc_backorders":null,"jetpack_sharing_enabled":true,"_links":{"self":[{"href":"https:\/\/www.ictdokterzwolle.nl\/shop\/wp-json\/wp\/v2\/product\/1279","targetHints":{"allow":["GET"]}}],"collection":[{"href":"https:\/\/www.ictdokterzwolle.nl\/shop\/wp-json\/wp\/v2\/product"}],"about":[{"href":"https:\/\/www.ictdokterzwolle.nl\/shop\/wp-json\/wp\/v2\/types\/product"}],"replies":[{"embeddable":true,"href":"https:\/\/www.ictdokterzwolle.nl\/shop\/wp-json\/wp\/v2\/comments?post=1279"}],"wp:featuredmedia":[{"embeddable":true,"href":"https:\/\/www.ictdokterzwolle.nl\/shop\/wp-json\/wp\/v2\/media\/1281"}],"wp:attachment":[{"href":"https:\/\/www.ictdokterzwolle.nl\/shop\/wp-json\/wp\/v2\/media?parent=1279"}],"wp:term":[{"taxonomy":"product_brand","embeddable":true,"href":"https:\/\/www.ictdokterzwolle.nl\/shop\/wp-json\/wp\/v2\/product_brand?post=1279"},{"taxonomy":"product_cat","embeddable":true,"href":"https:\/\/www.ictdokterzwolle.nl\/shop\/wp-json\/wp\/v2\/product_cat?post=1279"},{"taxonomy":"product_tag","embeddable":true,"href":"https:\/\/www.ictdokterzwolle.nl\/shop\/wp-json\/wp\/v2\/product_tag?post=1279"}],"curies":[{"name":"wp","href":"https:\/\/api.w.org\/{rel}","templated":true}]}}