{"id":10470,"date":"2020-04-15T12:06:52","date_gmt":"2020-04-15T12:06:52","guid":{"rendered":"https:\/\/www.ictdokterzwolle.nl\/shop\/?post_type=product&#038;p=10470"},"modified":"2021-01-13T13:30:40","modified_gmt":"2021-01-13T13:30:40","slug":"irobot-robotstofzuiger-roomba-i7","status":"publish","type":"product","link":"https:\/\/www.ictdokterzwolle.nl\/shop\/product\/irobot-robotstofzuiger-roomba-i7\/","title":{"rendered":"iRobot robotstofzuiger Roomba i7"},"content":{"rendered":"<h3><strong>Gestuurd door krachtige intelligentie<\/strong><\/h3>\n<p>iAdapt 3.0-navigatie met vSLAM-technologie helpt de Roomba-robot naadloos en effici\u00ebnt door jouw huis te navigeren. Roomba cre\u00ebert zichtbare ori\u00ebntatiepunten om bij te houden waar hij is geweest en waar hij nog moet schoonmaken.<\/p>\n<h3><strong>Effici\u00ebnte schoonmaak<\/strong><\/h3>\n<p>In plaats van borstelharen die krom trekken en vuil kunnen missen, houden onze dubbele (rubber) borstels voor alle vloertypen nauw contact met verschillende vloeroppervlakken zoals hout en tapijt. Het zeer effici\u00ebnte filter is vervaardigd van een speciaal materiaal dat 99 procent van alle schimmels, pollen, huisstofmijten en honden- en kattenallergenen opvangt.<\/p>\n<h3>Meer kenmerken<\/h3>\n<ul>\n<li>De zijborstel voor hoeken en randen staat onder een hoek van 27 graden en is speciaal ontworpen om vuil uit randen en hoeken te vegen, zodat het kan worden opgezogen.<\/li>\n<li>Lithium-ionaccu, werkt tot 75 minuten voordat de robot automatisch naar het oplaadstation terugkeert.<\/li>\n<li>De nieuwe, afwasbare opvangbak kan uitgespoeld worden om stof- en vuilresten te verwijderen.<\/li>\n<li>Virtual Wall-modus beperkt de robot tot die vertrekken die schoongemaakt moeten worden, hij komt nergens anders.<\/li>\n<li>Afgronddetectie-sensoren die voorkomen dat de robot van trappen of andere verlagingen valt.<\/li>\n<li>\n<table class=\"table table-striped productspecifications\">\n<tbody>\n<tr>\n<th class=\"productspecifications__specgroup-title h3\" colspan=\"2\">Design<\/th>\n<\/tr>\n<tr class=\"productspecifications__spec\">\n<th class=\"productspecifications__spec-name\" scope=\"row\">Soort stofopvang<\/th>\n<td>Zakloos<\/td>\n<\/tr>\n<tr class=\"productspecifications__spec\">\n<th class=\"productspecifications__spec-name\" scope=\"row\">Stof capaciteit<\/th>\n<td>0.4 l<\/td>\n<\/tr>\n<tr class=\"productspecifications__spec\">\n<th class=\"productspecifications__spec-name\" scope=\"row\">Kleur van het product<\/th>\n<td>Zwart<\/td>\n<\/tr>\n<\/tbody>\n<tbody>\n<tr>\n<th class=\"productspecifications__specgroup-title h3\" colspan=\"2\">Prestatie<\/th>\n<\/tr>\n<tr class=\"productspecifications__spec\">\n<th class=\"productspecifications__spec-name\" scope=\"row\">Reinigt ondergronden<\/th>\n<td>Tapijt, Harde vloeren<\/td>\n<\/tr>\n<tr class=\"productspecifications__spec\">\n<th class=\"productspecifications__spec-name\" scope=\"row\">HEPA filtersysteem<\/th>\n<td>Ja<\/td>\n<\/tr>\n<tr class=\"productspecifications__spec\">\n<th class=\"productspecifications__spec-name\" scope=\"row\">Geluidsniveau<\/th>\n<td>66 dB<\/td>\n<\/tr>\n<tr class=\"productspecifications__spec\">\n<th class=\"productspecifications__spec-name\" scope=\"row\">Navigatie type<\/th>\n<td>iAdapt<\/td>\n<\/tr>\n<tr class=\"productspecifications__spec\">\n<th class=\"productspecifications__spec-name\" scope=\"row\">Trapdetectie<\/th>\n<td>Ja<\/td>\n<\/tr>\n<tr class=\"productspecifications__spec\">\n<th class=\"productspecifications__spec-name\" scope=\"row\">Drempelhoogte (max)<\/th>\n<td>2 cm<\/td>\n<\/tr>\n<tr class=\"productspecifications__spec\">\n<th class=\"productspecifications__spec-name\" scope=\"row\">Automatisch terug naar basisstation<\/th>\n<td>Ja<\/td>\n<\/tr>\n<tr class=\"productspecifications__spec\">\n<th class=\"productspecifications__spec-name\" scope=\"row\">Stofzuigerprogramma&#8217;s<\/th>\n<td>Automatisch<\/td>\n<\/tr>\n<tr class=\"productspecifications__spec\">\n<th class=\"productspecifications__spec-name\" scope=\"row\">Op afstand bedienbaar<\/th>\n<td>Ja<\/td>\n<\/tr>\n<\/tbody>\n<tbody>\n<tr>\n<th class=\"productspecifications__specgroup-title h3\" colspan=\"2\">Technische details<\/th>\n<\/tr>\n<tr class=\"productspecifications__spec\">\n<th class=\"productspecifications__spec-name\" scope=\"row\">Looptijd<\/th>\n<td>75 min<\/td>\n<\/tr>\n<tr class=\"productspecifications__spec\">\n<th class=\"productspecifications__spec-name\" scope=\"row\">Uitgestelde start timer<\/th>\n<td>Ja<\/td>\n<\/tr>\n<tr class=\"productspecifications__spec\">\n<th class=\"productspecifications__spec-name\" scope=\"row\">SMART technologie<\/th>\n<td>Ja<\/td>\n<\/tr>\n<tr class=\"productspecifications__spec\">\n<th class=\"productspecifications__spec-name\" scope=\"row\">Inclusief dockingstation<\/th>\n<td>Ja<\/td>\n<\/tr>\n<\/tbody>\n<tbody>\n<tr>\n<th class=\"productspecifications__specgroup-title h3\" colspan=\"2\">Energie<\/th>\n<\/tr>\n<tr class=\"productspecifications__spec\">\n<th class=\"productspecifications__spec-name\" scope=\"row\">Accu\/batterij energie-opslagtechnologie<\/th>\n<td>Lithium-Ion (Li-Ion)<\/td>\n<\/tr>\n<tr class=\"productspecifications__spec\">\n<th class=\"productspecifications__spec-name\" scope=\"row\">Accu\/batterij oplaadtijd<\/th>\n<td>1.5 uur<\/td>\n<\/tr>\n<tr class=\"productspecifications__spec\">\n<th class=\"productspecifications__spec-name\" scope=\"row\">Accu\/batterij gebruiksduur<\/th>\n<td>1.25 uur<\/td>\n<\/tr>\n<tr class=\"productspecifications__spec\">\n<th class=\"productspecifications__spec-name\" scope=\"row\">Typisch stroomverbruik<\/th>\n<td>50 W<\/td>\n<\/tr>\n<\/tbody>\n<tbody>\n<tr>\n<th class=\"productspecifications__specgroup-title h3\" colspan=\"2\">Verpakking<\/th>\n<\/tr>\n<tr class=\"productspecifications__spec\">\n<th class=\"productspecifications__spec-name\" scope=\"row\">Afstandsbediening<\/th>\n<td>Nee<\/td>\n<\/tr>\n<\/tbody>\n<tbody>\n<tr>\n<th class=\"productspecifications__specgroup-title h3\" colspan=\"2\">Inhoud van de verpakking<\/th>\n<\/tr>\n<tr class=\"productspecifications__spec\">\n<th class=\"productspecifications__spec-name\" scope=\"row\">Inclusief virtuele barri\u00e8re<\/th>\n<td>Ja<\/td>\n<\/tr>\n<\/tbody>\n<tbody>\n<tr>\n<th class=\"productspecifications__specgroup-title h3\" colspan=\"2\">Gewicht en omvang<\/th>\n<\/tr>\n<tr class=\"productspecifications__spec\">\n<th class=\"productspecifications__spec-name\" scope=\"row\">Hoogte<\/th>\n<td>9.2 cm<\/td>\n<\/tr>\n<tr class=\"productspecifications__spec\">\n<th class=\"productspecifications__spec-name\" scope=\"row\">Breedte<\/th>\n<td>33.88 cm<\/td>\n<\/tr>\n<tr class=\"productspecifications__spec\">\n<th class=\"productspecifications__spec-name\" scope=\"row\">Diepte<\/th>\n<td>33.88 cm<\/td>\n<\/tr>\n<tr class=\"productspecifications__spec\">\n<th class=\"productspecifications__spec-name\" scope=\"row\">Diameter<\/th>\n<td>33.88 cm<\/td>\n<\/tr>\n<tr class=\"productspecifications__spec\">\n<th class=\"productspecifications__spec-name\" scope=\"row\">Gewicht<\/th>\n<td>5 kg<\/td>\n<\/tr>\n<\/tbody>\n<tbody>\n<tr>\n<th class=\"productspecifications__specgroup-title h3\" colspan=\"2\">Smart Home<\/th>\n<\/tr>\n<tr class=\"productspecifications__spec\">\n<th class=\"productspecifications__spec-name\" scope=\"row\">Smart Home Ready<\/th>\n<td>Ja<\/td>\n<\/tr>\n<\/tbody>\n<\/table>\n<\/li>\n<\/ul>\n","protected":false},"excerpt":{"rendered":"<p>De Roomba i7 robotstofzuiger gebruikt het hoogwaardige 3-staps schoonmaaksysteem met dubbele (rubber) borstels voor alle vloertypen en 10x meer zuigkracht om alle verschillende vloeroppervlakken in jouw huis schoon te maken. De Roomba i7-robot leert elke kamer kennen, brengt deze in kaart en past zich eraan aan met behulp van Imprint Smart Mapping-technologie, zodat je de controle houdt over waar en wanneer er schoongemaakt moet worden. En met de iRobot HOME-app regel je zelfs onderweg hoe, waar en wanneer jouw robot moet stofzuigen, voor een schoonmaakplan op maat.<\/p>\n<p>Met de iRobot HOME-app heb je alle schoonmaakkracht binnen handbereik en regel je met jouw smartphone waar, wanneer en hoe jouw robot moet schoonmaken.\u00a0De geheel vernieuwde Roomba i7 is compatibel met de iRobot Clean Base automatische vuilafvoer. Afzonderlijk verkrijgbaar.<\/p>\n","protected":false},"featured_media":10471,"comment_status":"open","ping_status":"closed","template":"","meta":[],"product_brand":[],"product_cat":[1765],"product_tag":[1797],"class_list":{"0":"post-10470","1":"product","2":"type-product","3":"status-publish","4":"has-post-thumbnail","6":"product_cat-irobot","7":"product_tag-1797","8":"product_shipping_class-mp","9":"pa_gtin-1796","10":"pa_merk-irobot","12":"first","13":"instock","14":"taxable","15":"shipping-taxable","16":"product-type-simple"},"supplier_id":null,"supplier_sku":"","barcode":null,"atum_controlled":true,"out_stock_date":null,"out_stock_threshold":null,"inheritable":false,"inbound_stock":null,"stock_on_hold":null,"sold_today":null,"sales_last_days":null,"reserved_stock":null,"customer_returns":null,"warehouse_damage":null,"lost_in_post":null,"other_logs":null,"out_stock_days":null,"lost_sales":null,"has_location":null,"update_date":null,"atum_locations":[],"atum_stock_status":"instock","restock_status":false,"low_stock_amount":"","sales_update_date":null,"calc_backorders":null,"jetpack_sharing_enabled":true,"_links":{"self":[{"href":"https:\/\/www.ictdokterzwolle.nl\/shop\/wp-json\/wp\/v2\/product\/10470","targetHints":{"allow":["GET"]}}],"collection":[{"href":"https:\/\/www.ictdokterzwolle.nl\/shop\/wp-json\/wp\/v2\/product"}],"about":[{"href":"https:\/\/www.ictdokterzwolle.nl\/shop\/wp-json\/wp\/v2\/types\/product"}],"replies":[{"embeddable":true,"href":"https:\/\/www.ictdokterzwolle.nl\/shop\/wp-json\/wp\/v2\/comments?post=10470"}],"wp:featuredmedia":[{"embeddable":true,"href":"https:\/\/www.ictdokterzwolle.nl\/shop\/wp-json\/wp\/v2\/media\/10471"}],"wp:attachment":[{"href":"https:\/\/www.ictdokterzwolle.nl\/shop\/wp-json\/wp\/v2\/media?parent=10470"}],"wp:term":[{"taxonomy":"product_brand","embeddable":true,"href":"https:\/\/www.ictdokterzwolle.nl\/shop\/wp-json\/wp\/v2\/product_brand?post=10470"},{"taxonomy":"product_cat","embeddable":true,"href":"https:\/\/www.ictdokterzwolle.nl\/shop\/wp-json\/wp\/v2\/product_cat?post=10470"},{"taxonomy":"product_tag","embeddable":true,"href":"https:\/\/www.ictdokterzwolle.nl\/shop\/wp-json\/wp\/v2\/product_tag?post=10470"}],"curies":[{"name":"wp","href":"https:\/\/api.w.org\/{rel}","templated":true}]}}